{"id":79,"date":"2025-02-07T09:37:55","date_gmt":"2025-02-07T08:37:55","guid":{"rendered":"https:\/\/www.asfalt102.fr\/?page_id=79"},"modified":"2025-03-10T14:18:51","modified_gmt":"2025-03-10T13:18:51","slug":"les-obligations-de-la-nfp94-001","status":"publish","type":"page","link":"https:\/\/www.asfalt102.fr\/index.php\/les-obligations-de-la-nfp94-001\/","title":{"rendered":"les obligations de la NFP94-001 &#8211; r\u00e9alisez votre diag en ligne"},"content":{"rendered":"\n<p class=\"has-luminous-vivid-amber-color has-foreground-background-color has-text-color has-background has-link-color wp-elements-a81af672e915c07561562b9f0f3cbda5\"><strong>vous trouverez toutes les r\u00e9ponses sur l&rsquo;application de cette norme sur le site de nos partenaires Bureau GDA \/ G\u00e9ologues de l&rsquo;Amiante Naturel : <a href=\"https:\/\/www.bureau-gda.fr\/la-norme-nf-p94-001\/\" target=\"_blank\" rel=\"noopener\" title=\"\">https:\/\/www.bureau-gda.fr\/la-norme-nf-p94-001<\/a><a href=\"https:\/\/www.bureau-gda.fr\/la-norme-nf-p94-001\/\">\/<\/a><\/strong><\/p>\n\n\n\n<p><\/p>\n\n\n\n<p><strong>Simplifiez votre d\u00e9marche de rep\u00e9rage d\u2019amiante :<\/strong><\/p>\n\n\n\n<p class=\"has-foreground-color has-luminous-vivid-amber-background-color has-text-color has-background has-link-color wp-elements-6872c18449a6b2e2a3965bd14a723b2d\"><strong>Bureau GDA<\/strong> vous propose de\u00a0<strong>commander cette \u00e9tude en ligne<\/strong> et vous garantit la r\u00e9ception de votre <strong>rep\u00e9rage A0<\/strong>. La commande se fait\u00a0<strong>100 % en ligne, 24h\/24 et 7j\/7<\/strong> : <a href=\"https:\/\/www.bureau-gda.fr\/reperage-amiante-a0-en-ligne\/\" target=\"_blank\" rel=\"noopener\" title=\"\">https:\/\/www.bureau-gda.fr\/reperage-amiante-a0-en-ligne\/<\/a><\/p>\n","protected":false},"excerpt":{"rendered":"<p>vous trouverez toutes les r\u00e9ponses sur l&rsquo;application de cette norme sur le site de nos partenaires Bureau GDA \/ G\u00e9ologues de l&rsquo;Amiante Naturel : https:\/\/www.bureau-gda.fr\/la-norme-nf-p94-001\/ Simplifiez votre d\u00e9marche de rep\u00e9rage d\u2019amiante : Bureau GDA vous propose de\u00a0commander cette \u00e9tude en ligne et vous garantit la r\u00e9ception de votre rep\u00e9rage A0. La commande se fait\u00a0100 % [&hellip;]<\/p>\n","protected":false},"author":1,"featured_media":0,"parent":0,"menu_order":0,"comment_status":"closed","ping_status":"closed","template":"","meta":{"om_disable_all_campaigns":false,"_monsterinsights_skip_tracking":false,"_monsterinsights_sitenote_active":false,"_monsterinsights_sitenote_note":"","_monsterinsights_sitenote_category":0,"_uf_show_specific_survey":0,"_uf_disable_surveys":false,"footnotes":""},"class_list":["post-79","page","type-page","status-publish","hentry"],"aioseo_notices":[],"_links":{"self":[{"href":"https:\/\/www.asfalt102.fr\/index.php\/wp-json\/wp\/v2\/pages\/79","targetHints":{"allow":["GET"]}}],"collection":[{"href":"https:\/\/www.asfalt102.fr\/index.php\/wp-json\/wp\/v2\/pages"}],"about":[{"href":"https:\/\/www.asfalt102.fr\/index.php\/wp-json\/wp\/v2\/types\/page"}],"author":[{"embeddable":true,"href":"https:\/\/www.asfalt102.fr\/index.php\/wp-json\/wp\/v2\/users\/1"}],"replies":[{"embeddable":true,"href":"https:\/\/www.asfalt102.fr\/index.php\/wp-json\/wp\/v2\/comments?post=79"}],"version-history":[{"count":9,"href":"https:\/\/www.asfalt102.fr\/index.php\/wp-json\/wp\/v2\/pages\/79\/revisions"}],"predecessor-version":[{"id":435,"href":"https:\/\/www.asfalt102.fr\/index.php\/wp-json\/wp\/v2\/pages\/79\/revisions\/435"}],"wp:attachment":[{"href":"https:\/\/www.asfalt102.fr\/index.php\/wp-json\/wp\/v2\/media?parent=79"}],"curies":[{"name":"wp","href":"https:\/\/api.w.org\/{rel}","templated":true}]}}