{"id":774,"date":"2025-07-09T17:27:47","date_gmt":"2025-07-09T15:27:47","guid":{"rendered":"https:\/\/www.asfalt102.fr\/?page_id=774"},"modified":"2025-07-09T17:46:18","modified_gmt":"2025-07-09T15:46:18","slug":"la-formation-decryptage-de-larrete-du-4-juin-2024","status":"publish","type":"page","link":"https:\/\/www.asfalt102.fr\/index.php\/la-formation-decryptage-de-larrete-du-4-juin-2024\/","title":{"rendered":"la formation&#8230; d\u00e9cryptage de l&rsquo;arr\u00eat\u00e9 du 4 juin 2024"},"content":{"rendered":"\n<p class=\"has-text-align-center\">le <a href=\"https:\/\/www.legifrance.gouv.fr\/jorf\/id\/JORFTEXT000049834826\" target=\"_blank\" rel=\"noopener\" title=\"\">texte<\/a> de l&rsquo;arr\u00eat\u00e9<\/p>\n\n\n\n<p class=\"has-text-align-center\">la norme <a href=\"https:\/\/www.boutique.afnor.org\/Store\/Preview\/DisplayCompleteMandatoryApplicationNF?ProductID=261225&amp;VersionID=6&amp;Culture=fr-FR\" target=\"_blank\" rel=\"noopener\" title=\"\">NFX46-102,<\/a> consultation gratuite en ligne<\/p>\n\n\n\n<p class=\"has-text-align-center\">les nouveaut\u00e9s cot\u00e9 analyses, l&rsquo;<a href=\"https:\/\/www.legifrance.gouv.fr\/jorf\/id\/JORFTEXT000051832042\" target=\"_blank\" rel=\"noopener\" title=\"\">actualisation de l&rsquo;arr\u00eat\u00e9<\/a> du 1er octobre 2019<\/p>\n\n\n\n<p><\/p>\n\n\n\n<p>\u23f1\ufe0f le compte \u00e0 rebours est lanc\u00e9.<br>\u00ab\u00a0<strong><em>Le pr\u00e9sent arr\u00eat\u00e9 entre en vigueur \u00e0 la date du 1er juillet 2026<\/em><\/strong>\u00ab\u00a0<br><br>\ud83d\udca5 dans moins d&rsquo;un an d\u00e9sormais, l&rsquo;<a href=\"https:\/\/www.linkedin.com\/search\/results\/all\/?keywords=%23arr%C3%AAt%C3%A9&amp;origin=HASH_TAG_FROM_FEED\">arr\u00eat\u00e9<\/a> du 04 juin 2024 sera applicable.<br>pour m\u00e9moire, il est relatif au \u00ab\u00a0<em><a href=\"https:\/\/www.linkedin.com\/search\/results\/all\/?keywords=%23rep%C3%A9rage&amp;origin=HASH_TAG_FROM_FEED\">rep\u00e9rage<\/a> de l\u2019<a href=\"https:\/\/www.linkedin.com\/search\/results\/all\/?keywords=%23amiante&amp;origin=HASH_TAG_FROM_FEED\">amiante<\/a> avant certaines op\u00e9rations r\u00e9alis\u00e9es dans les immeubles autres que b\u00e2tis tels que les ouvrages de g\u00e9nie civil, infrastructures de transport ou r\u00e9seaux divers<\/em>\u00ab\u00a0.<br><br>\u2705 nous vous proposons un d\u00e9cryptage de sa mise en \u0153uvre.<br><br>\ud83d\udccc pour m\u00e9moire, il ne s&rsquo;agira pas d&rsquo;une <a href=\"https:\/\/www.linkedin.com\/search\/results\/all\/?keywords=%23certification&amp;origin=HASH_TAG_FROM_FEED\">certification<\/a> <a href=\"https:\/\/www.linkedin.com\/search\/results\/all\/?keywords=%23amiante&amp;origin=HASH_TAG_FROM_FEED\">amiante<\/a> <a href=\"https:\/\/www.linkedin.com\/search\/results\/all\/?keywords=%23mention&amp;origin=HASH_TAG_FROM_FEED\">avec mention<\/a> <a href=\"https:\/\/www.linkedin.com\/search\/results\/all\/?keywords=%23sp%C3%A9cifique&amp;origin=HASH_TAG_FROM_FEED\">sp\u00e9cifique<\/a>, \u26a0\ufe0f mais de 3\ufe0f\u20e3 (trois) titres sp\u00e9cifiques et compl\u00e9mentaires \u00e0 obtenir et \u00e0 valider&#8230;<br>\u27a1\ufe0f selon l&rsquo;exp\u00e9rience et l&rsquo;origine des comp\u00e9tences de l&rsquo;<a href=\"https:\/\/www.linkedin.com\/search\/results\/all\/?keywords=%23op%C3%A9rateur&amp;origin=HASH_TAG_FROM_FEED\">op\u00e9rateur<\/a> de <a href=\"https:\/\/www.linkedin.com\/search\/results\/all\/?keywords=%23rep%C3%A9rage&amp;origin=HASH_TAG_FROM_FEED\">rep\u00e9rage<\/a>, le nombre de jours par titre sera variable.<br><br>\u25b6\ufe0f le tableau joint permet d&rsquo;avoir une lecture plus rapide du nombre de jours de formations th\u00e9oriques et pratiques et des s\u00e9quences de tutorats \u00e0 valider<br><br>\u23e9 par exemple, un RAAT sur un <a href=\"https:\/\/www.linkedin.com\/search\/results\/all\/?keywords=%23ouvragedart&amp;origin=HASH_TAG_FROM_FEED\">ouvrage d&rsquo;art<\/a> concernant et les <a href=\"https:\/\/www.linkedin.com\/search\/results\/all\/?keywords=%23enrob%C3%A9s&amp;origin=HASH_TAG_FROM_FEED\">enrob\u00e9s<\/a> et l&rsquo;<a href=\"https:\/\/www.linkedin.com\/search\/results\/all\/?keywords=%23ouvrage&amp;origin=HASH_TAG_FROM_FEED\">ouvrage<\/a> en lui m\u00eame impliquera de d\u00e9tenir 2\ufe0f\u20e3 (deux) titres en plus du tronc commun : \u00ab\u00a0sous-domaine des infrastructures de transport\u00a0\u00bb + \u00ab\u00a0sous-domaine des ouvrages de g\u00e9nie civil\u00a0\u00bb.<br>\u2705 soient : pour un <a href=\"https:\/\/www.linkedin.com\/search\/results\/all\/?keywords=%23op%C3%A9rateur&amp;origin=HASH_TAG_FROM_FEED\">op\u00e9rateur<\/a> <a href=\"https:\/\/www.linkedin.com\/search\/results\/all\/?keywords=%23certifi%C3%A9&amp;origin=HASH_TAG_FROM_FEED\">certifi\u00e9<\/a> <a href=\"https:\/\/www.linkedin.com\/search\/results\/all\/?keywords=%23amiante&amp;origin=HASH_TAG_FROM_FEED\">amiante<\/a> <a href=\"https:\/\/www.linkedin.com\/search\/results\/all\/?keywords=%23avecmention&amp;origin=HASH_TAG_FROM_FEED\">avec mention<\/a> : 9,5 jours de formation sp\u00e9cifique + 2&#215;5 missions de tutorats (au plus)<br><br>\u2753 vous souhaitez mieux comprendre les implications et attendus de la mise en \u0153uvre de cet arr\u00eat\u00e9?<br>\u2757 profitez de l&rsquo;exp\u00e9rience de l&rsquo;un des co-r\u00e9dacteur de la norme <a href=\"https:\/\/www.linkedin.com\/search\/results\/all\/?keywords=%23nfx46102&amp;origin=HASH_TAG_FROM_FEED\">nfx46102<\/a><br>\ud83c\udd98 nous pouvons vous proposer un module sp\u00e9cifique de d\u00e9cryptage (hors formation li\u00e9e \u00e0 l&rsquo;arr\u00eat\u00e9) : <a href=\"mailto:contact@asfalt102.fr\">contact@asfalt102.fr<\/a><\/p>\n\n\n\n<p><\/p>\n\n\n\n<div data-wp-interactive=\"core\/file\" class=\"wp-block-file alignfull\"><object data-wp-bind--hidden=\"!state.hasPdfPreview\" hidden class=\"wp-block-file__embed\" data=\"https:\/\/www.asfalt102.fr\/wp-content\/uploads\/2025\/07\/Geocapa-synthese-arr-040624-nfx46102-formation.pdf\" type=\"application\/pdf\" style=\"width:100%;height:600px\" aria-label=\"Contenu embarqu\u00e9 Geocapa synthese arr 040624 nfx46102 formation.\"><\/object><a id=\"wp-block-file--media-b852b0d5-263e-48f5-a1fc-32ab5fd8b4b3\" href=\"https:\/\/www.asfalt102.fr\/wp-content\/uploads\/2025\/07\/Geocapa-synthese-arr-040624-nfx46102-formation.pdf\">Geocapa synthese arr 040624 nfx46102 formation<\/a><a href=\"https:\/\/www.asfalt102.fr\/wp-content\/uploads\/2025\/07\/Geocapa-synthese-arr-040624-nfx46102-formation.pdf\" class=\"wp-block-file__button wp-element-button\" download aria-describedby=\"wp-block-file--media-b852b0d5-263e-48f5-a1fc-32ab5fd8b4b3\">T\u00e9l\u00e9charger<\/a><\/div>\n\n\n\n<p class=\"has-text-align-center has-foreground-color has-luminous-vivid-amber-background-color has-text-color has-background has-link-color wp-elements-c55c89bd1e344d576d217fe578376565\"><strong>tableau de synth\u00e8se des modules de formation<\/strong><\/p>\n\n\n\n<p><\/p>\n","protected":false},"excerpt":{"rendered":"<p>le texte de l&rsquo;arr\u00eat\u00e9 la norme NFX46-102, consultation gratuite en ligne les nouveaut\u00e9s cot\u00e9 analyses, l&rsquo;actualisation de l&rsquo;arr\u00eat\u00e9 du 1er octobre 2019 \u23f1\ufe0f le compte \u00e0 rebours est lanc\u00e9.\u00ab\u00a0Le pr\u00e9sent arr\u00eat\u00e9 entre en vigueur \u00e0 la date du 1er juillet 2026\u00ab\u00a0 \ud83d\udca5 dans moins d&rsquo;un an d\u00e9sormais, l&rsquo;arr\u00eat\u00e9 du 04 juin 2024 sera applicable.pour m\u00e9moire, [&hellip;]<\/p>\n","protected":false},"author":1,"featured_media":0,"parent":0,"menu_order":0,"comment_status":"closed","ping_status":"closed","template":"","meta":{"om_disable_all_campaigns":false,"_monsterinsights_skip_tracking":false,"_monsterinsights_sitenote_active":false,"_monsterinsights_sitenote_note":"","_monsterinsights_sitenote_category":0,"_uf_show_specific_survey":0,"_uf_disable_surveys":false,"footnotes":""},"class_list":["post-774","page","type-page","status-publish","hentry"],"aioseo_notices":[],"_links":{"self":[{"href":"https:\/\/www.asfalt102.fr\/index.php\/wp-json\/wp\/v2\/pages\/774","targetHints":{"allow":["GET"]}}],"collection":[{"href":"https:\/\/www.asfalt102.fr\/index.php\/wp-json\/wp\/v2\/pages"}],"about":[{"href":"https:\/\/www.asfalt102.fr\/index.php\/wp-json\/wp\/v2\/types\/page"}],"author":[{"embeddable":true,"href":"https:\/\/www.asfalt102.fr\/index.php\/wp-json\/wp\/v2\/users\/1"}],"replies":[{"embeddable":true,"href":"https:\/\/www.asfalt102.fr\/index.php\/wp-json\/wp\/v2\/comments?post=774"}],"version-history":[{"count":4,"href":"https:\/\/www.asfalt102.fr\/index.php\/wp-json\/wp\/v2\/pages\/774\/revisions"}],"predecessor-version":[{"id":785,"href":"https:\/\/www.asfalt102.fr\/index.php\/wp-json\/wp\/v2\/pages\/774\/revisions\/785"}],"wp:attachment":[{"href":"https:\/\/www.asfalt102.fr\/index.php\/wp-json\/wp\/v2\/media?parent=774"}],"curies":[{"name":"wp","href":"https:\/\/api.w.org\/{rel}","templated":true}]}}