{"id":77,"date":"2025-02-07T09:37:15","date_gmt":"2025-02-07T08:37:15","guid":{"rendered":"https:\/\/www.asfalt102.fr\/?page_id=77"},"modified":"2025-07-09T17:33:12","modified_gmt":"2025-07-09T15:33:12","slug":"les-obligations-de-la-nfx46-102","status":"publish","type":"page","link":"https:\/\/www.asfalt102.fr\/index.php\/les-obligations-de-la-nfx46-102\/","title":{"rendered":"les obligations de la NFX46-102-novembre 2020"},"content":{"rendered":"\n<p>La norme NF X46-102 est un document essentiel qui encadre le rep\u00e9rage de l&rsquo;amiante avant travaux dans les ouvrages de g\u00e9nie civil, les infrastructures de transport et les r\u00e9seaux divers. Elle d\u00e9finit les obligations et les recommandations pour r\u00e9aliser ces rep\u00e9rages de mani\u00e8re efficace et s\u00e9curis\u00e9e. <strong>Elle est d&rsquo;application obligatoire<\/strong>.<\/p>\n\n\n\n<p class=\"has-luminous-vivid-amber-color has-foreground-background-color has-text-color has-background has-link-color wp-elements-706bbef48b01b7b9caeab11630edb6ad\"><strong><a href=\"https:\/\/www.asfalt102.fr\/wp-admin\/post.php?post=774&amp;action=edit\" target=\"_blank\" rel=\"noopener\" title=\"\">Se former, s&rsquo;informer<\/a>&#8230;<\/strong><\/p>\n\n\n\n<p><strong><em>la norme est <a href=\"https:\/\/www.boutique.afnor.org\/Store\/Preview\/DisplayCompleteMandatoryApplicationNF?ProductID=261225&amp;VersionID=6&amp;Culture=fr-FR\" target=\"_blank\" rel=\"noopener\" title=\"\">consultable gratuitement<\/a> sur le site de l&rsquo;AFNOR<\/em><\/strong><\/p>\n\n\n\n<p class=\"has-luminous-vivid-amber-color has-foreground-background-color has-text-color has-background has-link-color wp-elements-c6d3001dd1db1070762306a76e914713\"><strong>Objectifs de la norme NF X46-102<\/strong><\/p>\n\n\n\n<ul class=\"wp-block-list\">\n<li><strong>Prot\u00e9ger la sant\u00e9 des travailleurs et de la population :<\/strong> La norme vise \u00e0 pr\u00e9venir les risques d&rsquo;exposition \u00e0 l&rsquo;amiante lors de travaux, en assurant un rep\u00e9rage pr\u00e9cis des mat\u00e9riaux contenant de l&rsquo;amiante.<\/li>\n\n\n\n<li><strong>Encadrer la m\u00e9thodologie :<\/strong> Elle d\u00e9finit les \u00e9tapes \u00e0 suivre pour r\u00e9aliser un rep\u00e9rage amiante, depuis la planification jusqu&rsquo;\u00e0 la r\u00e9daction du rapport.<\/li>\n\n\n\n<li><strong>Harmoniser les pratiques :<\/strong> La norme permet d&rsquo;uniformiser les m\u00e9thodes de rep\u00e9rage et d&rsquo;assurer la qualit\u00e9 des diagnostics.<\/li>\n\n\n\n<li><strong>Informer les acteurs :<\/strong> Elle fournit aux donneurs d&rsquo;ordre, aux entreprises et aux travailleurs les informations n\u00e9cessaires pour g\u00e9rer les risques li\u00e9s \u00e0 l&rsquo;amiante.<\/li>\n\n\n\n<li><strong>Constituer le dossier de tra\u00e7abilit\u00e9 <\/strong>: article 10 de l&rsquo;arr\u00eat\u00e9 du 4 juin 2024 :\u00a0\u00bbLe donneur d&rsquo;ordre conserve le rapport ou le pr\u00e9-rapport restituant les conditions de r\u00e9alisation et les conclusions de cette recherche d&rsquo;amiante et met \u00e0 jour le dossier de tra\u00e7abilit\u00e9 des donn\u00e9es issues de la mission de rep\u00e9rage consid\u00e9r\u00e9e. [&#8230;]Si le donneur d&rsquo;ordre n&rsquo;est pas propri\u00e9taire de l&rsquo;ouvrage de g\u00e9nie civil, de l&rsquo;infrastructure de transport ou du r\u00e9seau divers concern\u00e9 par la mission de rep\u00e9rage amiante avant travaux qu&rsquo;il a command\u00e9e, il adresse \u00e0 ce dernier une copie du rapport \u00e9tabli par l&rsquo;op\u00e9rateur de rep\u00e9rage afin que le propri\u00e9taire puisse mettre \u00e0 jour le dossier de tra\u00e7abilit\u00e9 y aff\u00e9rent&#8230;\u00a0\u00bb.<\/li>\n\n\n\n<li><strong>Conditions d&rsquo;opposabilit\u00e9 des rep\u00e9rages amiante avant travaux<\/strong> : article 13 de l&rsquo;arr\u00eat\u00e9 du 4 juin 2024 : \u00ab\u00a0Les rep\u00e9rages avant travaux de l&rsquo;amiante r\u00e9alis\u00e9s pr\u00e9alablement \u00e0 la date d&rsquo;entr\u00e9e en vigueur du pr\u00e9sent arr\u00eat\u00e9, respectant la m\u00e9thodologie de rep\u00e9rage de la norme NF X 46-102 : novembre 2020, tiennent lieu de rep\u00e9rage avant travaux de l&rsquo;amiante requis au titre de l&rsquo;<a href=\"https:\/\/www.legifrance.gouv.fr\/affichCodeArticle.do?cidTexte=LEGITEXT000006072050&amp;idArticle=LEGIARTI000018490581&amp;dateTexte=&amp;categorieLien=cid\">article R. 4412-97 du code du travail<\/a>.<br>Les rep\u00e9rages avant travaux de l&rsquo;amiante r\u00e9alis\u00e9s pr\u00e9alablement \u00e0 la date d&rsquo;entr\u00e9e en vigueur du pr\u00e9sent arr\u00eat\u00e9, qui ne respectent pas la m\u00e9thodologie de rep\u00e9rage de la norme NF X 46-102 : novembre 2020, doivent, en cas de programmation de nouveaux travaux relevant en tout ou partie de leur p\u00e9rim\u00e8tre de recherche, donner lieu \u00e0 \u00e9valuation par un op\u00e9rateur de rep\u00e9rage r\u00e9pondant aux exigences de l&rsquo;article 5 et le cas \u00e9ch\u00e9ant \u00e0 des investigations suppl\u00e9mentaires par un tel op\u00e9rateur, r\u00e9alis\u00e9es conform\u00e9ment aux modalit\u00e9s fix\u00e9es \u00e0 l&rsquo;article 6.\u00a0\u00bb<\/li>\n\n\n\n<li><em>nota : pour \u00eatre recevables, les analyses de mat\u00e9riaux\/produits des rapports ant\u00e9rieurs doivent notamment \u00eatre conformes \u00e0 l&rsquo;application de l&rsquo;arr\u00eat\u00e9 du 1er octobre 2019, selon la port\u00e9e d&rsquo;accr\u00e9ditation type 3 pour les enrob\u00e9s (analyses du liant et des granulats par couche).<\/em><\/li>\n\n\n\n<li><strong>Conditions de r\u00e9alisation des rep\u00e9rages amiante avant travaux<\/strong> : c&rsquo;est l&rsquo;arr\u00eat\u00e9 du 4 juin 2024 qui pr\u00e9cise les conditions dans lesquelles sont conduites les missions de rep\u00e9rage de l&rsquo;amiante avant certaines op\u00e9rations r\u00e9alis\u00e9es dans les immeubles autres que b\u00e2tis tels que les ouvrages de g\u00e9nie civil, infrastructures de transport ou r\u00e9seaux divers.<\/li>\n<\/ul>\n\n\n\n<p class=\"has-luminous-vivid-amber-color has-foreground-background-color has-text-color has-background has-link-color wp-elements-5715e56a1280e8f03419664c2b3f5957\"><strong>Contenu de la norme NF X46-102<\/strong><\/p>\n\n\n\n<p>La norme aborde les aspects suivants :<\/p>\n\n\n\n<ul class=\"wp-block-list\">\n<li><strong>Domaine d&rsquo;application :<\/strong> Elle pr\u00e9cise les types d&rsquo;ouvrages concern\u00e9s par le rep\u00e9rage amiante (infrastructures de transport, r\u00e9seaux, ouvrages de g\u00e9nie civil, etc.).<\/li>\n\n\n\n<li><strong>D\u00e9finitions :<\/strong> Elle donne les d\u00e9finitions des termes utilis\u00e9s dans le cadre du rep\u00e9rage amiante.<\/li>\n\n\n\n<li><strong>M\u00e9thodologie :<\/strong> Elle d\u00e9crit les \u00e9tapes \u00e0 suivre pour r\u00e9aliser un rep\u00e9rage amiante :\n<ul class=\"wp-block-list\">\n<li><strong>Pr\u00e9paration :<\/strong> D\u00e9finition du p\u00e9rim\u00e8tre de rep\u00e9rage, collecte d&rsquo;informations sur les mat\u00e9riaux, etc.<\/li>\n\n\n\n<li><strong>Rep\u00e9rage visuel :<\/strong> Identification des mat\u00e9riaux susceptibles de contenir de l&rsquo;amiante.<\/li>\n\n\n\n<li><strong>Sondages et pr\u00e9l\u00e8vements :<\/strong> R\u00e9alisation de pr\u00e9l\u00e8vements pour analyse en laboratoire.<\/li>\n\n\n\n<li><strong>Analyse en laboratoire :<\/strong> D\u00e9termination de la pr\u00e9sence et de la concentration d&rsquo;amiante dans les \u00e9chantillons.<\/li>\n\n\n\n<li><strong>Rapport :<\/strong> R\u00e9daction d&rsquo;un rapport de rep\u00e9rage d\u00e9taillant les r\u00e9sultats des analyses et les recommandations.<\/li>\n<\/ul>\n<\/li>\n\n\n\n<li><strong>Exigences relatives aux op\u00e9rateurs :<\/strong> Elle pr\u00e9cise les comp\u00e9tences et les certifications requises pour r\u00e9aliser des rep\u00e9rages amiante.<\/li>\n<\/ul>\n\n\n\n<p class=\"has-luminous-vivid-amber-color has-foreground-background-color has-text-color has-background has-link-color wp-elements-cb84ba0fa91fcf49f1dc1041bbe4e425\"><strong>Comp\u00e9tences attendues de l&rsquo;op\u00e9rateur de rep\u00e9rage<\/strong><\/p>\n\n\n\n<p>L&rsquo;article 5 de l&rsquo;arr\u00eat\u00e9 du 4 juin 2024 d\u00e9finit les pr\u00e9requis et comp\u00e9tences attendus des op\u00e9rateurs de rep\u00e9rage. Bien qu&rsquo;exigibles seulement \u00e0 compter de juillet 2026 (r\u00e9daction de l&rsquo;article en f\u00e9vrier 2025), ces crit\u00e8res peuvent constituer une base d&rsquo;exigence des donneurs d&rsquo;ordres pour s&rsquo;assurer des comp\u00e9tences des diagnostiqueurs auxquels il souhaite d\u00e9j\u00e0 faire appel :<\/p>\n\n\n\n<ul class=\"wp-block-list\">\n<li><strong>En cas d&rsquo;op\u00e9ration concernant plusieurs sous-domaines<\/strong> (ouvrages de g\u00e9nie civil et\/ou infrastructures de transport et\/ou r\u00e9seaux divers), le donneur d&rsquo;ordre missionne, pour chaque sous-domaine <strong>un op\u00e9rateur de rep\u00e9rage satisfaisant aux exigences de comp\u00e9tences requises par l&rsquo;op\u00e9ration ou un op\u00e9rateur de rep\u00e9rage pour chaque sous-domain<\/strong>e,<\/li>\n\n\n\n<li>L&rsquo;op\u00e9rateur de rep\u00e9rage poss\u00e8de \u00e9galement <strong>les comp\u00e9tences lui permettant de proc\u00e9der \u00e0 l&rsquo;estimation de la quantit\u00e9 de mat\u00e9riaux et produits<\/strong> contenant de l&rsquo;amiante de mani\u00e8re \u00e0 permettre au donneur d&rsquo;ordre d&rsquo;\u00e9valuer les quantit\u00e9s pr\u00e9visibles de d\u00e9chets amiant\u00e9s et les fili\u00e8res d&rsquo;\u00e9limination adapt\u00e9es,<\/li>\n\n\n\n<li>habilitation <strong>AIPR<\/strong><\/li>\n\n\n\n<li>habilitation <strong>CATEC <\/strong>(si besoin)<\/li>\n\n\n\n<li>formation aux <strong>risques routiers<\/strong><\/li>\n\n\n\n<li>formation aux <strong>balisages routiers<\/strong><\/li>\n\n\n\n<li>et initialement : <strong>certification amiante AVEC mention et habilitation sous-section 4 amiante<\/strong>,<\/li>\n\n\n\n<li>etc.<\/li>\n<\/ul>\n\n\n\n<div class=\"wp-block-buttons is-content-justification-center is-layout-flex wp-container-core-buttons-is-layout-a89b3969 wp-block-buttons-is-layout-flex\">\n<div class=\"wp-block-button\"><a class=\"wp-block-button__link wp-element-button\" href=\"https:\/\/www.asfalt102.fr\/index.php\/intervention-sur-voirie-pour-realiser-des-travaux-mobiles-carottages\/\"><strong>Signalisation vs Carottages<\/strong><\/a><\/div>\n<\/div>\n\n\n\n<p class=\"has-luminous-vivid-amber-color has-foreground-background-color has-text-color has-background has-link-color wp-elements-540be6cfb68cb0896094a7daff1290d5\"><strong>Obligations du donneur d&rsquo;ordre pour une bonne r\u00e9alisation de la mission de rep\u00e9rage<\/strong><\/p>\n\n\n\n<p>Le donneur d\u2019ordre doit respecter les dispositions des paragraphes 4.3.1 et 4.3.2 de la norme NF X 46-102&nbsp;: novembre&nbsp;2020, qui pr\u00e9cisent les exigences relatives \u00e0 la passation de la commande du rep\u00e9rage (communication du programme d\u00e9taill\u00e9 des travaux ainsi que de toutes informations utiles \u00e0 la pr\u00e9paration comme \u00e0 la r\u00e9alisation de cette mission) et \u00e0 son organisation (d\u00e9signation d\u2019un accompagnateur, fourniture de moyens d\u2019acc\u00e8s, pr\u00e9cision des modalit\u00e9s de circulation en s\u00e9curit\u00e9 sur l\u2019ouvrage \u00e0 investiguer, etc.).<\/p>\n\n\n\n<p>Par ailleurs, le donneur d\u2019ordre doit respecter l\u2019ind\u00e9pendance et l\u2019impartialit\u00e9 de l\u2019op\u00e9rateur de rep\u00e9rage, notamment lorsque ce dernier est son salari\u00e9.<\/p>\n\n\n\n<p><strong>D\u2019un point de vue organisationnel, le donneur d\u2019ordre doit<\/strong>&nbsp;:<\/p>\n\n\n\n<ul class=\"wp-block-list\">\n<li>Proc\u00e9der, pr\u00e9alablement \u00e0 l\u2019engagement de la mission de rep\u00e9rage, \u00e0 l\u2019enl\u00e8vement ou au d\u00e9placement du mobilier pr\u00e9sent dans les parties de l\u2019ouvrage de g\u00e9nie civil, de l\u2019infrastructure de transport ou des r\u00e9seaux divers concern\u00e9es. L\u2019ensemble des composants relevant du p\u00e9rim\u00e8tre de l\u2019op\u00e9ration projet\u00e9e doit \u00eatre accessible. Tout risque de pollution du mobilier par des fibres d\u2019amiante que pourraient occasionner les investigations de l\u2019op\u00e9rateur doit \u00eatre \u00e9cart\u00e9,<\/li>\n\n\n\n<li>Proc\u00e9der \u00e0 l\u2019\u00e9vacuation des personnels de l\u2019ouvrage de g\u00e9nie civil, de l\u2019infrastructure de transport ou des r\u00e9seaux divers avant r\u00e9alisation des recherches de nature \u00e0 g\u00e9n\u00e9rer une \u00e9mission de fibres d\u2019amiante.<\/li>\n\n\n\n<li>faire \u00e9valuer si besoin, les rep\u00e9rages r\u00e9alis\u00e9s avant le 1<sup>er<\/sup>&nbsp;juillet 2026 qui ne respectent pas les exigences de la norme NF X 46-102&nbsp;: novembre&nbsp;2020 doivent, en cas de programmation de nouveaux travaux, \u00eatre \u00e9valu\u00e9s et, le cas \u00e9ch\u00e9ant, les faire compl\u00e9ter par un op\u00e9rateur de rep\u00e9rage r\u00e9pondant aux exigences de comp\u00e9tence fix\u00e9es l\u2019article 5 et selon les modalit\u00e9s de la norme pr\u00e9cit\u00e9e.<\/li>\n<\/ul>\n\n\n\n<p class=\"has-luminous-vivid-amber-color has-foreground-background-color has-text-color has-background has-link-color wp-elements-fb9f5be1b245345c77c8634d8e5eca72\"><strong>Obligations li\u00e9es \u00e0 la norme NF X46-102<\/strong><\/p>\n\n\n\n<ul class=\"wp-block-list\">\n<li><strong>Rep\u00e9rage obligatoire :<\/strong> Le rep\u00e9rage amiante est obligatoire avant tous travaux sur des ouvrages susceptibles de contenir de l&rsquo;amiante.<\/li>\n\n\n\n<li><strong>Respect de la norme :<\/strong> Les rep\u00e9rages amiante doivent \u00eatre r\u00e9alis\u00e9s conform\u00e9ment \u00e0 la norme NF X46-102.<\/li>\n\n\n\n<li><strong>Recours \u00e0 des professionnels certifi\u00e9s :<\/strong> Les op\u00e9rateurs r\u00e9alisant les rep\u00e9rages amiante doivent \u00eatre certifi\u00e9s et form\u00e9s selon l&rsquo;arr\u00eat\u00e9 du 4 juin 2024.<\/li>\n<\/ul>\n\n\n\n<p class=\"has-luminous-vivid-amber-color has-foreground-background-color has-text-color has-background has-link-color wp-elements-579b5de7b4d3f9b0888fbf66c5399d49\"><strong>Importance de la norme NF X46-102<\/strong><\/p>\n\n\n\n<p>La norme NF X46-102 est un outil indispensable pour garantir la s\u00e9curit\u00e9 des travailleurs et de la population lors de travaux sur des mat\u00e9riaux contenant de l&rsquo;amiante. Elle permet de :<\/p>\n\n\n\n<ul class=\"wp-block-list\">\n<li><strong>R\u00e9duire les risques d&rsquo;exposition \u00e0 l&rsquo;amiante.<\/strong><\/li>\n\n\n\n<li><strong>Am\u00e9liorer la qualit\u00e9 des diagnostics.<\/strong><\/li>\n\n\n\n<li><strong>Faciliter la gestion des d\u00e9chets amiant\u00e9s.<\/strong><\/li>\n\n\n\n<li><strong>Assurer la conformit\u00e9 r\u00e9glementaire.<\/strong><\/li>\n<\/ul>\n\n\n\n<p>Il est donc essentiel de conna\u00eetre et de respecter les exigences de la norme NF X46-102 pr\u00e9alablement au lancement de projet de travaux susceptible de concerner de l&rsquo;amiante.<\/p>\n\n\n\n<p class=\"has-luminous-vivid-amber-color has-foreground-background-color has-text-color has-background has-link-color wp-elements-dcfe53cba9c6ad3e92ce0f324a214f2b\"><strong>Exemptions \u00e0 l&rsquo;obligation de rep\u00e9rage amiante avant travaux<\/strong><\/p>\n\n\n\n<p>l&rsquo;article 11 de l&rsquo;arr\u00eat\u00e9 du 4 juin 2024 pr\u00e9cise : <\/p>\n\n\n\n<p>I. &#8211; Lorsque pour les motifs pr\u00e9vus \u00e0 l&rsquo;article R. 4412-97-3 &#8211; I du <a href=\"https:\/\/www.legifrance.gouv.fr\/affichCode.do?cidTexte=LEGITEXT000006072050&amp;dateTexte=&amp;categorieLien=cid\">code du travail<\/a>, le rep\u00e9rage ne peut \u00eatre mis en \u0153uvre, la protection collective et individuelle des travailleurs est assur\u00e9e comme si la pr\u00e9sence de l&rsquo;amiante \u00e9tait av\u00e9r\u00e9e.<br>La ou les entreprises intervenante(s) pour la r\u00e9alisation des travaux programm\u00e9s s&rsquo;appui(en)t notamment sur le programme des travaux projet\u00e9s ainsi que, lorsqu&rsquo;il est r\u00e9glementairement requis, sur les informations contenues dans le dossier de tra\u00e7abilit\u00e9 pour identifier les travaux \u00e9missifs en poussi\u00e8res qu&rsquo;elles sont chacune appel\u00e9es \u00e0 r\u00e9aliser et pour d\u00e9terminer le ou les processus au sens du 9\u00b0 de l&rsquo;article R. 4412-96 qu&rsquo;elles doivent mettre en \u0153uvre \u00e0 cette occasion.<br>II. &#8211; Pour les cas de d\u00e9rogation envisag\u00e9s aux 1\u00b0, 2\u00b0 et 3\u00b0 de l&rsquo;article R. 4412-97-3 &#8211; I du <a href=\"https:\/\/www.legifrance.gouv.fr\/affichCode.do?cidTexte=LEGITEXT000006072050&amp;dateTexte=&amp;categorieLien=cid\">code du travail<\/a> :<br>&#8211; la ou les entreprises intervenante(s) mettent en \u0153uvre les mesures de protection collective et individuelle associ\u00e9es aux processus utilis\u00e9s, afin d&rsquo;\u00e9viter la dispersion de fibres d&rsquo;amiante \u00e0 l&rsquo;ext\u00e9rieur de la zone de travail et d&rsquo;assurer la protection des travailleurs ;<br>&#8211; chaque entreprise d\u00e9crit, dans son document unique d&rsquo;\u00e9valuation des risques, les moyens de protection collective dont, le cas \u00e9ch\u00e9ant, les types de protections de surface et de confinement mis en place pour chaque processus.<br>Au fur et \u00e0 mesure de l&rsquo;avanc\u00e9e des travaux programm\u00e9s, et sous r\u00e9serve de pouvoir garantir sa s\u00e9curit\u00e9, le donneur d&rsquo;ordre peut missionner un op\u00e9rateur de rep\u00e9rage afin qu&rsquo;il r\u00e9alise des investigations compl\u00e9mentaires sur les mat\u00e9riaux et produits susceptibles de contenir de l&rsquo;amiante pr\u00e9sents sur le p\u00e9rim\u00e8tre des travaux restant \u00e0 r\u00e9aliser conform\u00e9ment aux exigences des articles 6.II et 6.III, en vue de pouvoir corroborer ou infirmer les conclusions initiales de l&rsquo;\u00e9valuation des risques de la ou des entreprises en charge de r\u00e9aliser les travaux projet\u00e9s et adapter, le cas \u00e9ch\u00e9ant, les mesures de pr\u00e9vention li\u00e9es.<br>III. &#8211; Pour le cas de d\u00e9rogation envisag\u00e9 au 4\u00b0 de l&rsquo;article R. 4412-97-3 &#8211; I du <a href=\"https:\/\/www.legifrance.gouv.fr\/affichCode.do?cidTexte=LEGITEXT000006072050&amp;dateTexte=&amp;categorieLien=cid\">code du travail<\/a>, la ou les entreprises intervenante(s) doivent justifier, pour le ou les processus qu&rsquo;elles mettent en \u0153uvre, d&rsquo;un ou plusieurs mesurages r\u00e9alis\u00e9s conform\u00e9ment aux exigences des <a href=\"https:\/\/www.legifrance.gouv.fr\/affichCode.do?cidTexte=LEGITEXT000006072050&amp;idSectionTA=LEGISCTA000018490598&amp;dateTexte=&amp;categorieLien=cid\">articles R. 4412-103 \u00e0 R. 4412-106 du code du travail<\/a> et mettant en \u00e9vidence un empoussi\u00e8rement relevant du premier niveau de l&rsquo;article R. 4412-98, ou pouvoir s&rsquo;appuyer sur les donn\u00e9es d&rsquo;une source fiable, et faisant \u00e9tat d&rsquo;un tel r\u00e9sultat.<br>Le cas \u00e9ch\u00e9ant, elles peuvent mettre en \u0153uvre les mesures de protection collective et individuelle associ\u00e9es aux processus relevant du premier niveau d&#8217;empoussi\u00e8rement de l&rsquo;article R. 4412-98.<\/p>\n\n\n\n<p>pour m\u00e9moire, l&rsquo;<a href=\"https:\/\/www.preventionbtp.fr\/droit-de-la-prevention\/article-r4412-97-3-du-code-du-travail_UXaiDEReFvjYddvXbNjNd5\">article R.4412-97-3<\/a> pr\u00e9cise les situations ou conditions dans lesquelles il peut \u00eatre constat\u00e9 l&rsquo;impossibilit\u00e9 de r\u00e9aliser une rep\u00e9rage amiante avant travaux :<\/p>\n\n\n\n<ul class=\"wp-block-list\">\n<li>Exemption d\u00e9coulant de situations d&rsquo;urgence (n\u00e9cessairement en lien avec un sinistre),<\/li>\n\n\n\n<li>Exemption d\u00e9coulant du besoin de protection de l\u2019op\u00e9rateur de rep\u00e9rage (dans le cas o\u00f9 la r\u00e9alisation du RAT emporterait un risque excessif pour sa s\u00e9curit\u00e9 ou sa sant\u00e9),<\/li>\n\n\n\n<li>Exemption pour les op\u00e9rations remplissant les conditions cumulatives suivantes :\n<ul class=\"wp-block-list\">\n<li>Visant \u00e0 r\u00e9parer ou \u00e0 assurer une maintenance corrective,<\/li>\n\n\n\n<li>Constitutive d\u2019une intervention en sous-section 4,<\/li>\n\n\n\n<li>Mettant en \u0153uvre un ou des processus relevant du premier niveau d\u2019empoussi\u00e8rement de l\u2019<a href=\"https:\/\/www.preventionbtp.fr\/droit-de-la-prevention\/article-r4412-98-du-code-du-travail_FrpUxKWpAvfkGSahVcAo9a\">article R4412-98<\/a> du Code du travail (inf\u00e9rieur \u00e0 10 fibres par litre). <em>L\u2019arr\u00eat\u00e9 impose dans ce cas aux entreprises intervenantes de justifier, pour les diff\u00e9rents processus qu\u2019elles sont appel\u00e9es \u00e0 mettre en \u0153uvre dans ce contexte, d\u2019un ou de plusieurs mesurages r\u00e9alis\u00e9s conform\u00e9ment aux exigences des articles <a href=\"https:\/\/www.preventionbtp.fr\/droit-de-la-prevention\/article-r4412-103-du-code-du-travail_7eEdEuF6Jr4qnhrphNmoRC\">R4412-103 \u00e0 R4412-106<\/a> du Code du travail (mesurages servant \u00e0 l\u2019\u00e9valuation du niveau d\u2019empoussi\u00e8rement des processus) et mettant en \u00e9vidence un empoussi\u00e8rement relevant du premier niveau (de 0 \u00e0 99 fibres d\u2019amiante par litre). \u00c0 d\u00e9faut, les entreprises doivent s\u2019appuyer sur les donn\u00e9es d\u2019une source fiable (telle que <a href=\"https:\/\/www.carto-amiante.fr\/\">CARTO AMIANTE<\/a>) faisant \u00e9tat d\u2019un tel r\u00e9sultat.<\/em><\/li>\n<\/ul>\n<\/li>\n<\/ul>\n\n\n\n<p>Lorsque, pour ces motifs, le rep\u00e9rage amiante avant travaux ne peut \u00eatre r\u00e9alis\u00e9, <strong>la protection collective et individuelle des travailleurs doit \u00eatre assur\u00e9e comme si la pr\u00e9sence de l&rsquo;amiante \u00e9tait av\u00e9r\u00e9e<\/strong>. Pour cela, les entreprises intervenantes doivent d\u00e9terminer, en fonction du programme de travaux fix\u00e9 par le donneur d\u2019ordre, les processus que leurs travailleurs sont susceptibles de mettre en \u0153uvre ainsi que le niveau d\u2019empoussi\u00e8rement associ\u00e9.<\/p>\n\n\n\n<p class=\"has-luminous-vivid-amber-color has-foreground-background-color has-text-color has-background has-link-color wp-elements-5e35d53b0ee7e6b9044a44c16b92d342\"><strong>Guide d\u2019application aux TP de la r\u00e9glementation amiante dans les cas d\u2019exemption de rep\u00e9rage<\/strong><\/p>\n\n\n\n<p>la <strong>FNTP <\/strong>(F\u00e9d\u00e9ration Nationale des Travaux Publics) a r\u00e9dig\u00e9 et publi\u00e9 un <strong><a href=\"https:\/\/www.fntp.fr\/wp-content\/uploads\/2024\/07\/fntp_reglementation_amiante_2023.pdf\" target=\"_blank\" rel=\"noopener\" title=\"\">guide<\/a><\/strong> destin\u00e9 aux diff\u00e9rents intervenants (donneur d\u2019ordre, ma\u00eetres d\u2019\u0153uvre, coordonnateurs SPS, entreprises) charg\u00e9s d\u2019ordonner ou de conduire des travaux. Il n\u2019a pas pour objet de r\u00e9p\u00e9ter la r\u00e9glementation amiante, mais exclusivement de pr\u00e9ciser le cadre r\u00e9glementaire qui r\u00e9git les exemptions de rep\u00e9rage avant travaux de l\u2019amiante. Il propose des fiches descriptives des techniques, qui aideront les entreprises pour la r\u00e9daction de leurs modes op\u00e9ratoires n\u00e9cessaires en fonction des diff\u00e9rentes situations rencontr\u00e9es.<\/p>\n\n\n\n<p class=\"has-luminous-vivid-amber-color has-foreground-background-color has-text-color has-background has-link-color wp-elements-ec6efbe36d9122870a1873867aa3d050\"><strong>2 Guides d&rsquo;application \u00e0 destinations des Donneurs d&rsquo;Ordres et des Op\u00e9rateurs de Rep\u00e9rages<\/strong><\/p>\n\n\n\n<p><strong>&#8211;&gt; \u00e0 paraitre prochainement, stay tuned \/ rest\u00e9s connect\u00e9s<\/strong><\/p>\n","protected":false},"excerpt":{"rendered":"<p>La norme NF X46-102 est un document essentiel qui encadre le rep\u00e9rage de l&rsquo;amiante avant travaux dans les ouvrages de g\u00e9nie civil, les infrastructures de transport et les r\u00e9seaux divers. Elle d\u00e9finit les obligations et les recommandations pour r\u00e9aliser ces rep\u00e9rages de mani\u00e8re efficace et s\u00e9curis\u00e9e. Elle est d&rsquo;application obligatoire. Se former, s&rsquo;informer&#8230; la norme [&hellip;]<\/p>\n","protected":false},"author":1,"featured_media":0,"parent":0,"menu_order":0,"comment_status":"closed","ping_status":"closed","template":"","meta":{"om_disable_all_campaigns":false,"_monsterinsights_skip_tracking":false,"_monsterinsights_sitenote_active":false,"_monsterinsights_sitenote_note":"","_monsterinsights_sitenote_category":0,"_uf_show_specific_survey":0,"_uf_disable_surveys":false,"footnotes":""},"class_list":["post-77","page","type-page","status-publish","hentry"],"aioseo_notices":[],"_links":{"self":[{"href":"https:\/\/www.asfalt102.fr\/index.php\/wp-json\/wp\/v2\/pages\/77","targetHints":{"allow":["GET"]}}],"collection":[{"href":"https:\/\/www.asfalt102.fr\/index.php\/wp-json\/wp\/v2\/pages"}],"about":[{"href":"https:\/\/www.asfalt102.fr\/index.php\/wp-json\/wp\/v2\/types\/page"}],"author":[{"embeddable":true,"href":"https:\/\/www.asfalt102.fr\/index.php\/wp-json\/wp\/v2\/users\/1"}],"replies":[{"embeddable":true,"href":"https:\/\/www.asfalt102.fr\/index.php\/wp-json\/wp\/v2\/comments?post=77"}],"version-history":[{"count":29,"href":"https:\/\/www.asfalt102.fr\/index.php\/wp-json\/wp\/v2\/pages\/77\/revisions"}],"predecessor-version":[{"id":780,"href":"https:\/\/www.asfalt102.fr\/index.php\/wp-json\/wp\/v2\/pages\/77\/revisions\/780"}],"wp:attachment":[{"href":"https:\/\/www.asfalt102.fr\/index.php\/wp-json\/wp\/v2\/media?parent=77"}],"curies":[{"name":"wp","href":"https:\/\/api.w.org\/{rel}","templated":true}]}}