{"id":5,"date":"2025-02-06T17:11:36","date_gmt":"2025-02-06T16:11:36","guid":{"rendered":"https:\/\/www.asfalt102.fr\/?page_id=5"},"modified":"2025-03-14T19:41:31","modified_gmt":"2025-03-14T18:41:31","slug":"accueil","status":"publish","type":"page","link":"https:\/\/www.asfalt102.fr\/index.php\/accueil\/","title":{"rendered":"Asfalt102 (c)"},"content":{"rendered":"\n<p class=\"has-text-align-center has-luminous-vivid-amber-color has-foreground-background-color has-text-color has-background has-link-color wp-elements-fccee51ccc41b6a055352e33cfee9fcf\"><strong>une marque commerciale de la SARL GEOCAPA<\/strong><\/p>\n\n\n\n<p class=\"has-text-align-center has-luminous-vivid-amber-color has-foreground-background-color has-text-color has-background has-link-color wp-elements-b298036e5dcd157b36e2c0119ce8c67b\"><strong><em>co-r\u00e9dacteur de la norme NFX46-102<\/em><\/strong>&#8211;<em>novembre 2020<\/em><\/p>\n\n\n\n<p class=\"has-text-align-center has-luminous-vivid-amber-color has-foreground-background-color has-text-color has-background has-link-color wp-elements-c6552ebaa2aeeae5f7be6a652cf0aef4\">contact@asfalt102.fr \/ contact@geocapa.fr<\/p>\n\n\n<ul class=\"wp-block-page-list\"><li class=\"wp-block-pages-list__item\"><a class=\"wp-block-pages-list__item__link\" href=\"https:\/\/www.asfalt102.fr\/index.php\/actualites\/\">Actualit\u00e9s &#8211; place de l&rsquo;enrob\u00e9<\/a><\/li><li class=\"wp-block-pages-list__item\"><a class=\"wp-block-pages-list__item__link\" href=\"https:\/\/www.asfalt102.fr\/index.php\/accueil\/\">Asfalt102 (c)<\/a><\/li><li class=\"wp-block-pages-list__item\"><a class=\"wp-block-pages-list__item__link\" href=\"https:\/\/www.asfalt102.fr\/index.php\/ben-dis-moi-pourquoi\/\">Ben dis moi pourquoi&#8230;?<\/a><\/li><li class=\"wp-block-pages-list__item\"><a class=\"wp-block-pages-list__item__link\" href=\"https:\/\/www.asfalt102.fr\/index.php\/besoin-dun-reperage-amiante-avant-travaux\/\">Besoin d&rsquo;un rep\u00e9rage amiante avant travaux?<\/a><\/li><li class=\"wp-block-pages-list__item\"><a class=\"wp-block-pages-list__item__link\" href=\"https:\/\/www.asfalt102.fr\/index.php\/intervention-sur-voirie-pour-realiser-des-travaux-mobiles-carottages\/\">Intervention sur voirie pour r\u00e9aliser des travaux mobiles = carottages<\/a><\/li><li class=\"wp-block-pages-list__item\"><a class=\"wp-block-pages-list__item__link\" href=\"https:\/\/www.asfalt102.fr\/index.php\/la-formation-decryptage-de-larrete-du-4-juin-2024\/\">la formation&#8230; d\u00e9cryptage de l&rsquo;arr\u00eat\u00e9 du 4 juin 2024<\/a><\/li><li class=\"wp-block-pages-list__item\"><a class=\"wp-block-pages-list__item__link\" href=\"https:\/\/www.asfalt102.fr\/index.php\/la-genese-reglementaire\/\">la gen\u00e8se r\u00e9glementaire&#8230;<\/a><\/li><li class=\"wp-block-pages-list__item\"><a class=\"wp-block-pages-list__item__link\" href=\"https:\/\/www.asfalt102.fr\/index.php\/la-reglementation-francaise\/\">la r\u00e9glementation fran\u00e7aise<\/a><\/li><li class=\"wp-block-pages-list__item\"><a class=\"wp-block-pages-list__item__link\" href=\"https:\/\/www.asfalt102.fr\/index.php\/les-obligations-de-la-nfp94-001\/\">les obligations de la NFP94-001 &#8211; r\u00e9alisez votre diag en ligne<\/a><\/li><li class=\"wp-block-pages-list__item\"><a class=\"wp-block-pages-list__item__link\" href=\"https:\/\/www.asfalt102.fr\/index.php\/les-obligations-de-la-nfx46-102\/\">les obligations de la NFX46-102-novembre 2020<\/a><\/li><li class=\"wp-block-pages-list__item\"><a class=\"wp-block-pages-list__item__link\" href=\"https:\/\/www.asfalt102.fr\/index.php\/nos-modeles\/\">Nos mod\u00e8les<\/a><\/li><li class=\"wp-block-pages-list__item\"><a class=\"wp-block-pages-list__item__link\" href=\"https:\/\/www.asfalt102.fr\/index.php\/obligations-de-signalisation-lumineuse-pour-les-vehicules-de-chantier\/\">Obligations de signalisation lumineuse pour les v\u00e9hicules de chantier<\/a><\/li><li class=\"wp-block-pages-list__item\"><a class=\"wp-block-pages-list__item__link\" href=\"https:\/\/www.asfalt102.fr\/index.php\/politique-de-confidentialite\/\">Politique de confidentialit\u00e9<\/a><\/li><li class=\"wp-block-pages-list__item\"><a class=\"wp-block-pages-list__item__link\" href=\"https:\/\/www.asfalt102.fr\/index.php\/textes-reglementaires\/\">Textes r\u00e9glementaires<\/a><\/li><li class=\"wp-block-pages-list__item\"><a class=\"wp-block-pages-list__item__link\" href=\"https:\/\/www.asfalt102.fr\/index.php\/une-remorque-asfalt102-cest-quoi\/\">une remorque Asfalt102, c&rsquo;est quoi?<\/a><\/li><li class=\"wp-block-pages-list__item\"><a class=\"wp-block-pages-list__item__link\" href=\"https:\/\/www.asfalt102.fr\/index.php\/nous-contacter\/\">Vous \u00eates int\u00e9ress\u00e9s par une remorque?<\/a><\/li><\/ul>\n\n\n<p><\/p>\n","protected":false},"excerpt":{"rendered":"<p>une marque commerciale de la SARL GEOCAPA co-r\u00e9dacteur de la norme NFX46-102&#8211;novembre 2020 contact@asfalt102.fr \/ contact@geocapa.fr<\/p>\n","protected":false},"author":1,"featured_media":15,"parent":0,"menu_order":0,"comment_status":"closed","ping_status":"closed","template":"","meta":{"om_disable_all_campaigns":false,"_monsterinsights_skip_tracking":false,"_monsterinsights_sitenote_active":false,"_monsterinsights_sitenote_note":"","_monsterinsights_sitenote_category":0,"_uf_show_specific_survey":0,"_uf_disable_surveys":false,"footnotes":""},"class_list":["post-5","page","type-page","status-publish","has-post-thumbnail","hentry"],"aioseo_notices":[],"_links":{"self":[{"href":"https:\/\/www.asfalt102.fr\/index.php\/wp-json\/wp\/v2\/pages\/5","targetHints":{"allow":["GET"]}}],"collection":[{"href":"https:\/\/www.asfalt102.fr\/index.php\/wp-json\/wp\/v2\/pages"}],"about":[{"href":"https:\/\/www.asfalt102.fr\/index.php\/wp-json\/wp\/v2\/types\/page"}],"author":[{"embeddable":true,"href":"https:\/\/www.asfalt102.fr\/index.php\/wp-json\/wp\/v2\/users\/1"}],"replies":[{"embeddable":true,"href":"https:\/\/www.asfalt102.fr\/index.php\/wp-json\/wp\/v2\/comments?post=5"}],"version-history":[{"count":7,"href":"https:\/\/www.asfalt102.fr\/index.php\/wp-json\/wp\/v2\/pages\/5\/revisions"}],"predecessor-version":[{"id":679,"href":"https:\/\/www.asfalt102.fr\/index.php\/wp-json\/wp\/v2\/pages\/5\/revisions\/679"}],"wp:featuredmedia":[{"embeddable":true,"href":"https:\/\/www.asfalt102.fr\/index.php\/wp-json\/wp\/v2\/media\/15"}],"wp:attachment":[{"href":"https:\/\/www.asfalt102.fr\/index.php\/wp-json\/wp\/v2\/media?parent=5"}],"curies":[{"name":"wp","href":"https:\/\/api.w.org\/{rel}","templated":true}]}}