{"id":40,"date":"2025-02-06T18:08:20","date_gmt":"2025-02-06T17:08:20","guid":{"rendered":"https:\/\/www.asfalt102.fr\/?page_id=40"},"modified":"2025-02-08T12:12:07","modified_gmt":"2025-02-08T11:12:07","slug":"nous-contacter","status":"publish","type":"page","link":"https:\/\/www.asfalt102.fr\/index.php\/nous-contacter\/","title":{"rendered":"Vous \u00eates int\u00e9ress\u00e9s par une remorque?"},"content":{"rendered":"<div class=\"frm_forms  with_frm_style frm_style_style-formidable\" id=\"frm_form_3_container\" >\n<form enctype=\"multipart\/form-data\" method=\"post\" class=\"frm-show-form \" id=\"form_contact-form2\" >\n<div class=\"frm_form_fields \">\n<fieldset>\n<legend class=\"frm_screen_reader\">Contact Us<\/legend>\r\n\r\n<div class=\"frm_fields_container\">\n<input type=\"hidden\" name=\"frm_action\" value=\"create\" \/>\n<input type=\"hidden\" name=\"form_id\" value=\"3\" \/>\n<input type=\"hidden\" name=\"frm_hide_fields_3\" id=\"frm_hide_fields_3\" value=\"\" \/>\n<input type=\"hidden\" name=\"form_key\" value=\"contact-form2\" \/>\n<input type=\"hidden\" name=\"item_meta[0]\" value=\"\" \/>\n<input type=\"hidden\" id=\"frm_submit_entry_3\" name=\"frm_submit_entry_3\" value=\"85fd6882c7\" \/><input type=\"hidden\" name=\"_wp_http_referer\" value=\"\/index.php\/wp-json\/wp\/v2\/pages\/40\" \/><div id=\"frm_field_14_container\" class=\"frm_form_field form-field  frm_required_field frm_top_container frm_first frm_half\">\r\n\t<label for=\"field_qh4icy2\" id=\"field_qh4icy2_label\" class=\"frm_primary_label\">Nom\r\n\t\t<span class=\"frm_required\" aria-hidden=\"true\">*<\/span>\r\n\t<\/label>\r\n\t<input type=\"text\" id=\"field_qh4icy2\" name=\"item_meta[14]\" value=\"\"  data-reqmsg=\"Nom ne peut pas \u00eatre vide.\" aria-required=\"true\" data-invmsg=\"Nom est non valide\" aria-invalid=\"false\"   aria-describedby=\"frm_desc_field_qh4icy2\"\/>\r\n\t<div class=\"frm_description\" id=\"frm_desc_field_qh4icy2\">First<\/div>\r\n\t\r\n<\/div>\n<div id=\"frm_field_15_container\" class=\"frm_form_field form-field  frm_required_field frm_hidden_container frm_half\">\r\n\t<label for=\"field_ocfup12\" id=\"field_ocfup12_label\" class=\"frm_primary_label\">Pr\u00e9nom\r\n\t\t<span class=\"frm_required\" aria-hidden=\"true\">*<\/span>\r\n\t<\/label>\r\n\t<input type=\"text\" id=\"field_ocfup12\" name=\"item_meta[15]\" value=\"\"  data-reqmsg=\"Pr\u00e9nom ne peut pas \u00eatre vide.\" aria-required=\"true\" data-invmsg=\"Pr\u00e9nom est non valide\" aria-invalid=\"false\"   aria-describedby=\"frm_desc_field_ocfup12\"\/>\r\n\t<div class=\"frm_description\" id=\"frm_desc_field_ocfup12\">Last<\/div>\r\n\t\r\n<\/div>\n<div id=\"frm_field_16_container\" class=\"frm_form_field form-field  frm_top_container frm6 frm_first\">\r\n\t<label for=\"field_5xoe62\" id=\"field_5xoe62_label\" class=\"frm_primary_label\">Soci\u00e9t\u00e9\r\n\t\t<span class=\"frm_required\" aria-hidden=\"true\"><\/span>\r\n\t<\/label>\r\n\t<input type=\"text\" id=\"field_5xoe62\" name=\"item_meta[16]\" value=\"\"  data-invmsg=\"Soci\u00e9t\u00e9 est non valide\" aria-invalid=\"false\"  \/>\r\n\t\r\n\t\r\n<\/div>\n<div id=\"frm_field_17_container\" class=\"frm_form_field form-field  frm_required_field frm_top_container frm6 frm_half\">\r\n\t<label for=\"field_29yf4d2\" id=\"field_29yf4d2_label\" class=\"frm_primary_label\">Email\r\n\t\t<span class=\"frm_required\" aria-hidden=\"true\">*<\/span>\r\n\t<\/label>\r\n\t<input type=\"email\" id=\"field_29yf4d2\" name=\"item_meta[17]\" value=\"\"  data-reqmsg=\"Email ne peut pas \u00eatre vide.\" aria-required=\"true\" data-invmsg=\"Please enter a valid email address\" aria-invalid=\"false\"  \/>\r\n\t\r\n\t\r\n<\/div>\n<div id=\"frm_field_18_container\" class=\"frm_form_field form-field  frm_required_field frm_top_container frm_full\">\r\n\t<label for=\"field_9jv0r12\" id=\"field_9jv0r12_label\" class=\"frm_primary_label\">Votre demande\r\n\t\t<span class=\"frm_required\" aria-hidden=\"true\">*<\/span>\r\n\t<\/label>\r\n\t<textarea name=\"item_meta[18]\" id=\"field_9jv0r12\" rows=\"5\"  data-reqmsg=\"Votre demande ne peut pas \u00eatre vide.\" aria-required=\"true\" data-invmsg=\"Votre demande est non valide\" aria-invalid=\"false\"  ><\/textarea>\r\n\t\r\n\t\r\n<\/div>\n<div id=\"frm_field_21_container\" class=\"frm_form_field form-field  frm_top_container frm_first frm_half\">\n\t<label for=\"field_96ypy\" id=\"field_96ypy_label\" class=\"frm_primary_label\">Type de remorque?\n\t\t<span class=\"frm_required\" aria-hidden=\"true\"><\/span>\n\t<\/label>\n\t\t\t<select name=\"item_meta[21]\" id=\"field_96ypy\"  data-invmsg=\"Type de remorque? est non valide\" aria-invalid=\"false\"  >\n\t\t<option  value=\"La Dix-7\">La Dix-7<\/option><option  value=\"la Cinq.5\">la Cinq.5<\/option><option  value=\"Les 2\">Les 2<\/option>\t<\/select>\n\t\n\t\n\t\n<\/div>\n<div id=\"frm_field_19_container\" class=\"frm_form_field form-field \">\r\n\t<div class=\"frm_submit frm_flex\">\r\n<button class=\"frm_button_submit\" type=\"submit\"  >Nous contacter<\/button>\r\n\r\n\r\n\r\n<\/div>\r\n<\/div>\n\t<input type=\"hidden\" name=\"item_key\" value=\"\" \/>\n\t\t\t<div id=\"frm_field_22_container\">\n\t\t\t<label for=\"field_lx5sj\" >\n\t\t\t\tSi vous \u00eates un humain, ne remplissez pas ce champ.\t\t\t<\/label>\n\t\t\t<input  id=\"field_lx5sj\" type=\"text\" class=\"frm_form_field form-field frm_verify\" name=\"item_meta[22]\" value=\"\"  \/>\n\t\t<\/div>\n\t\t<input name=\"frm_state\" type=\"hidden\" value=\"qmnYfEdj1M11cK2Hnh+SlsKIGOcSPJk981u9uUeT7nI=\" \/><\/div>\n<\/fieldset>\n<\/div>\n\n<p style=\"display: none !important;\" class=\"akismet-fields-container\" data-prefix=\"ak_\"><label>&#916;<textarea name=\"ak_hp_textarea\" cols=\"45\" rows=\"8\" maxlength=\"100\"><\/textarea><\/label><input type=\"hidden\" id=\"ak_js_1\" name=\"ak_js\" value=\"81\"\/><script>document.getElementById( \"ak_js_1\" ).setAttribute( \"value\", ( new Date() ).getTime() );<\/script><\/p><\/form>\n<\/div>\n","protected":false},"excerpt":{"rendered":"","protected":false},"author":1,"featured_media":0,"parent":0,"menu_order":0,"comment_status":"closed","ping_status":"closed","template":"","meta":{"om_disable_all_campaigns":false,"_monsterinsights_skip_tracking":false,"_monsterinsights_sitenote_active":false,"_monsterinsights_sitenote_note":"","_monsterinsights_sitenote_category":0,"_uf_show_specific_survey":0,"_uf_disable_surveys":false,"footnotes":""},"class_list":["post-40","page","type-page","status-publish","hentry"],"aioseo_notices":[],"_links":{"self":[{"href":"https:\/\/www.asfalt102.fr\/index.php\/wp-json\/wp\/v2\/pages\/40","targetHints":{"allow":["GET"]}}],"collection":[{"href":"https:\/\/www.asfalt102.fr\/index.php\/wp-json\/wp\/v2\/pages"}],"about":[{"href":"https:\/\/www.asfalt102.fr\/index.php\/wp-json\/wp\/v2\/types\/page"}],"author":[{"embeddable":true,"href":"https:\/\/www.asfalt102.fr\/index.php\/wp-json\/wp\/v2\/users\/1"}],"replies":[{"embeddable":true,"href":"https:\/\/www.asfalt102.fr\/index.php\/wp-json\/wp\/v2\/comments?post=40"}],"version-history":[{"count":4,"href":"https:\/\/www.asfalt102.fr\/index.php\/wp-json\/wp\/v2\/pages\/40\/revisions"}],"predecessor-version":[{"id":111,"href":"https:\/\/www.asfalt102.fr\/index.php\/wp-json\/wp\/v2\/pages\/40\/revisions\/111"}],"wp:attachment":[{"href":"https:\/\/www.asfalt102.fr\/index.php\/wp-json\/wp\/v2\/media?parent=40"}],"curies":[{"name":"wp","href":"https:\/\/api.w.org\/{rel}","templated":true}]}}