{"id":265,"date":"2025-02-08T19:57:53","date_gmt":"2025-02-08T18:57:53","guid":{"rendered":"https:\/\/www.asfalt102.fr\/?page_id=265"},"modified":"2025-02-08T20:23:42","modified_gmt":"2025-02-08T19:23:42","slug":"intervention-sur-voirie-pour-realiser-des-travaux-mobiles-carottages","status":"publish","type":"page","link":"https:\/\/www.asfalt102.fr\/index.php\/intervention-sur-voirie-pour-realiser-des-travaux-mobiles-carottages\/","title":{"rendered":"Intervention sur voirie pour r\u00e9aliser des travaux mobiles = carottages"},"content":{"rendered":"\n<p class=\"has-text-align-center has-foreground-color has-luminous-vivid-amber-background-color has-text-color has-background has-link-color wp-elements-908752889ad00cd04e4ec6220497689f\"><strong>Bonne pratique : Signaler sur l&rsquo;application Waze install\u00e9e sur le smartphone du diagnostiqueur la pr\u00e9sence de son intervention afin d&rsquo;avertir les usagers de la route de la pr\u00e9sence d&rsquo;un chantier en cours sur leur trajet.<\/strong><\/p>\n\n\n\n<p><strong>Lors d\u2019une intervention sur la voie publique pour r\u00e9aliser des travaux mobiles, la signalisation par panneaux travaux AK5 avec des feux triflash est-elle suffisante&nbsp;?<\/strong><\/p>\n\n\n\n<p>Rappelons la d\u00e9finition des <strong>chantiers mobiles<\/strong>&nbsp;: ils sont caract\u00e9ris\u00e9s par un d\u00e9placement continu, une progression. Les chantiers progressant par bonds successifs peuvent \u00eatre assimil\u00e9s \u00e0 des chantiers mobiles, s\u2019ils r\u00e9alisent au minimum un d\u00e9placement par demi-journ\u00e9e.<\/p>\n\n\n\n<h4 class=\"wp-block-heading has-luminous-vivid-amber-color has-foreground-background-color has-text-color has-background has-link-color wp-elements-816825578dfcb6a4ba56650522f840be\"><strong>Signalisation des chantiers mobiles<\/strong><\/h4>\n\n\n\n<p>La <strong>signalisation <\/strong>des chantiers mobiles est assur\u00e9e par une signalisation de position permanente install\u00e9e sur les v\u00e9hicules.<\/p>\n\n\n\n<h4 class=\"wp-block-heading has-luminous-vivid-amber-color has-foreground-background-color has-text-color has-background has-link-color wp-elements-ad96b200c01e9038913bbb66b84b5d0a\"><strong>Signalisation de position<\/strong><\/h4>\n\n\n\n<p>La signalisation de position est assur\u00e9e par des panneaux AK5 dot\u00e9s de trois feux de balisage et d\u2019alerte synchronis\u00e9s, visibles de l\u2019avant et de l\u2019arri\u00e8re. De plus, les v\u00e9hicules doivent \u00eatre de couleur orange ou claire et respecter une signalisation compl\u00e9mentaire pour am\u00e9liorer leur visibilit\u00e9. Sur chaque c\u00f4t\u00e9 du v\u00e9hicule, on doit retrouver une bande de signalisation horizontale de 0,16&nbsp;m<sup>2<\/sup>&nbsp;; \u00e0 l\u2019avant, deux bandes de signalisation horizontales de 0,16&nbsp;m<sup>2<\/sup>&nbsp;; \u00e0 l\u2019arri\u00e8re, deux bandes de signalisation horizontales et deux bandes de signalisation verticales de 0,32&nbsp;m<sup>2<\/sup>.<br><br>Lorsque la signalisation de position est jug\u00e9e insuffisante, on installe une signalisation d\u2019approche compl\u00e9mentaire en amont et en aval des travaux.<br>La signalisation d\u2019approche peut \u00eatre port\u00e9e par un ou plusieurs v\u00e9hicules ou bien pos\u00e9e au sol. Elle est constitu\u00e9e d\u2019un panneau AK5 et elle doit rester \u00e0 moins de trois cents m\u00e8tres du chantier. Elle peut comporter une prescription sur les travaux en cours, mais lorsqu\u2019elle est pos\u00e9e au sol, elle est compl\u00e9t\u00e9e par un panonceau KM9 portant la mention \u00ab&nbsp;chantier mobile&nbsp;\u00bb et la distance estim\u00e9e du chantier.<\/p>\n\n\n\n<p>Pour les routes \u00e0 chauss\u00e9es s\u00e9par\u00e9es, la signalisation de position doit \u00eatre compl\u00e9t\u00e9e par une signalisation d\u2019approche, lorsque le chantier empi\u00e8te sur les voies circul\u00e9es.<\/p>\n\n\n\n<p>Dans tous les cas, une signalisation d\u2019approche est mise en place lorsque la signalisation de position est jug\u00e9e insuffisante en fonction de la dangerosit\u00e9 des lieux, des travaux et de l\u2019exposition des salari\u00e9s.<\/p>\n\n\n\n<h4 class=\"wp-block-heading has-luminous-vivid-amber-color has-foreground-background-color has-text-color has-background has-link-color wp-elements-a7c0beda33974eb19cce44d2aa702249\"><strong>Signaler des travaux sur les axes routiers pour avertir les automobilistes<\/strong><\/h4>\n\n\n\n<p>D\u00e8s son arriv\u00e9e sur chantier et avant la mise en place des panneaux de signalisation, le diagnostiqueur utilise l&rsquo;application mobile gratuite Waze (t\u00e9l\u00e9chargeable Android, iOS) pour permettre aux usagers de la route d&rsquo;avoir connaissance de son intervention.<\/p>\n\n\n\n<p>Cette application permet de signaler en temps r\u00e9el des dangers de divers types : accidents, travaux, dangers particuliers, trafic\u2026 pour les automobilistes circulant sur les axes routiers. En \u00e9tant avertis en amont, cela permet aux usagers de la route d&rsquo;anticiper leur comportement et d&rsquo;\u00eatre vigilants avant m\u00eame leur arriv\u00e9e sur le chantier.<\/p>\n\n\n\n<figure class=\"wp-block-image aligncenter size-large\"><img loading=\"lazy\" decoding=\"async\" width=\"473\" height=\"1024\" src=\"https:\/\/www.asfalt102.fr\/wp-content\/uploads\/2025\/02\/AppliWaze-473x1024.jpg\" alt=\"\" class=\"wp-image-272\" srcset=\"https:\/\/www.asfalt102.fr\/wp-content\/uploads\/2025\/02\/AppliWaze-473x1024.jpg 473w, https:\/\/www.asfalt102.fr\/wp-content\/uploads\/2025\/02\/AppliWaze-138x300.jpg 138w, https:\/\/www.asfalt102.fr\/wp-content\/uploads\/2025\/02\/AppliWaze-768x1664.jpg 768w, https:\/\/www.asfalt102.fr\/wp-content\/uploads\/2025\/02\/AppliWaze-709x1536.jpg 709w, https:\/\/www.asfalt102.fr\/wp-content\/uploads\/2025\/02\/AppliWaze.jpg 800w\" sizes=\"auto, (max-width: 473px) 100vw, 473px\" \/><\/figure>\n","protected":false},"excerpt":{"rendered":"<p>Bonne pratique : Signaler sur l&rsquo;application Waze install\u00e9e sur le smartphone du diagnostiqueur la pr\u00e9sence de son intervention afin d&rsquo;avertir les usagers de la route de la pr\u00e9sence d&rsquo;un chantier en cours sur leur trajet. Lors d\u2019une intervention sur la voie publique pour r\u00e9aliser des travaux mobiles, la signalisation par panneaux travaux AK5 avec des [&hellip;]<\/p>\n","protected":false},"author":1,"featured_media":0,"parent":0,"menu_order":0,"comment_status":"closed","ping_status":"closed","template":"","meta":{"om_disable_all_campaigns":false,"_monsterinsights_skip_tracking":false,"_monsterinsights_sitenote_active":false,"_monsterinsights_sitenote_note":"","_monsterinsights_sitenote_category":0,"_uf_show_specific_survey":0,"_uf_disable_surveys":false,"footnotes":""},"class_list":["post-265","page","type-page","status-publish","hentry"],"aioseo_notices":[],"_links":{"self":[{"href":"https:\/\/www.asfalt102.fr\/index.php\/wp-json\/wp\/v2\/pages\/265","targetHints":{"allow":["GET"]}}],"collection":[{"href":"https:\/\/www.asfalt102.fr\/index.php\/wp-json\/wp\/v2\/pages"}],"about":[{"href":"https:\/\/www.asfalt102.fr\/index.php\/wp-json\/wp\/v2\/types\/page"}],"author":[{"embeddable":true,"href":"https:\/\/www.asfalt102.fr\/index.php\/wp-json\/wp\/v2\/users\/1"}],"replies":[{"embeddable":true,"href":"https:\/\/www.asfalt102.fr\/index.php\/wp-json\/wp\/v2\/comments?post=265"}],"version-history":[{"count":4,"href":"https:\/\/www.asfalt102.fr\/index.php\/wp-json\/wp\/v2\/pages\/265\/revisions"}],"predecessor-version":[{"id":276,"href":"https:\/\/www.asfalt102.fr\/index.php\/wp-json\/wp\/v2\/pages\/265\/revisions\/276"}],"wp:attachment":[{"href":"https:\/\/www.asfalt102.fr\/index.php\/wp-json\/wp\/v2\/media?parent=265"}],"curies":[{"name":"wp","href":"https:\/\/api.w.org\/{rel}","templated":true}]}}