{"id":246,"date":"2025-02-08T18:26:53","date_gmt":"2025-02-08T17:26:53","guid":{"rendered":"https:\/\/www.asfalt102.fr\/?page_id=246"},"modified":"2025-02-08T19:43:04","modified_gmt":"2025-02-08T18:43:04","slug":"une-remorque-asfalt102-cest-quoi","status":"publish","type":"page","link":"https:\/\/www.asfalt102.fr\/index.php\/une-remorque-asfalt102-cest-quoi\/","title":{"rendered":"une remorque Asfalt102, c&rsquo;est quoi?"},"content":{"rendered":"\n<p>que ce soit en version \u00ab\u00a0<strong>La Dix-7<\/strong>\u00a0\u00bb ou \u00ab\u00a0<strong>La Cinq.5<\/strong>\u00ab\u00a0, nos remorques embarquent le mat\u00e9riel suivant <em>(liste indicative \u00e0 minima et susceptible d&rsquo;\u00e9voluer)<\/em> :<\/p>\n\n\n\n<ul class=\"wp-block-list\">\n<li>de la <strong>signalisation lumineuse de classe 2<\/strong> : gyrophares, triangle AK5 avec triflash, des feux de travail, barre lumineuse (option),<\/li>\n\n\n\n<li>du <strong>balisage par bandes r\u00e9fl\u00e9chissantes<\/strong>,<\/li>\n\n\n\n<li>un <strong>groupe \u00e9lectrog\u00e8ne <\/strong>avec r\u00e9servoir \u00e0 carburant de 25 litres,<\/li>\n\n\n\n<li>un <strong>coffret \u00e9lectrique avec arr\u00eat d&rsquo;urgence<\/strong> muni de prises \u00e9lectriques 220v,<\/li>\n\n\n\n<li>une <strong>carotteuse professionnelle sur b\u00e2ti fixe<\/strong> (limite les TMS),<\/li>\n\n\n\n<li>une<strong> r\u00e9serve d&rsquo;eau de 100 litres<\/strong> munies de 1 ou 2 pompes \u00e0 eau d\u00e9bit,<\/li>\n\n\n\n<li>un syst\u00e8me de rin\u00e7age pour les op\u00e9rateurs,<\/li>\n\n\n\n<li>un <strong>aspirateur eau et poussi\u00e8res THE classe H<\/strong>,<\/li>\n\n\n\n<li>un <strong>syst\u00e8me unique de pr\u00e9filtration<\/strong> des eaux et poussi\u00e8res,<\/li>\n\n\n\n<li><strong>coffres de rangement<\/strong> (2 au minimum),<\/li>\n\n\n\n<li>un bidon <strong>r\u00e9serve carburant<\/strong> de 10 litres,<\/li>\n\n\n\n<li>un bidon <strong>r\u00e9serve d&rsquo;eau<\/strong> de 10 litres,<\/li>\n\n\n\n<li>une <strong>roue de secours.<\/strong><\/li>\n\n\n\n<li><em>nota : certaines options sp\u00e9cifiques peuvent \u00eatre incluses dans la r\u00e9alisation de la version \u00ab\u00a0La Cinq.5\u00a0\u00bb eu \u00e9gard \u00e0 la s\u00e9curisation suppl\u00e9mentaire de l&rsquo;\u00e9quipement et du mat\u00e9riel qu&rsquo;elle peut transporter.<\/em><\/li>\n<\/ul>\n\n\n\n<p>la version \u00ab\u00a0<strong>La Dix-7<\/strong>\u00a0\u00bb repose sur un ch\u00e2ssis disposant d&rsquo;un essieu 750kg et p\u00e8se moins de 500kg tous pleins faits. elle ne n\u00e9cessite pas de carte grise particuli\u00e8re et doit recevoir la plaque d&rsquo;immatriculation du v\u00e9hicule tracteur.<\/p>\n\n\n\n<p>la version \u00ab\u00a0<strong>La Cinq.5<\/strong>\u00a0\u00bb repose sur un ch\u00e2ssis disposant d&rsquo;un essieu 750kg et d&rsquo;une carrosserie en panneaux aluminium. elle peut peser jusqu&rsquo;\u00e0 750kg tous pleins faits. elle n\u00e9cessite une carte grise propre.<\/p>\n\n\n\n<div class=\"wp-block-buttons is-content-justification-center is-layout-flex wp-container-core-buttons-is-layout-a89b3969 wp-block-buttons-is-layout-flex\">\n<div class=\"wp-block-button\"><a class=\"wp-block-button__link wp-element-button\" href=\"https:\/\/www.asfalt102.fr\/index.php\/obligations-de-signalisation-lumineuse-pour-les-vehicules-de-chantier\/\"><strong>Nos remorques respectent les obligations de signalisation<\/strong><\/a><\/div>\n<\/div>\n\n\n\n<p>Nos remorques sont assembl\u00e9es \u00e0 la main et en France. La production et\/ou la fourniture de tous les \u00e9quipements sont issues de France.<\/p>\n\n\n\n<p>Les d\u00e9lais de r\u00e9alisation d\u00e9pendent de la disponibilit\u00e9 de ces mat\u00e9riels\/\u00e9quipements, g\u00e9n\u00e9ralement un d\u00e9lai de 6 \u00e0 8 semaines est n\u00e9cessaire apr\u00e8s r\u00e9ception et validation de la commande.<\/p>\n","protected":false},"excerpt":{"rendered":"<p>que ce soit en version \u00ab\u00a0La Dix-7\u00a0\u00bb ou \u00ab\u00a0La Cinq.5\u00ab\u00a0, nos remorques embarquent le mat\u00e9riel suivant (liste indicative \u00e0 minima et susceptible d&rsquo;\u00e9voluer) : la version \u00ab\u00a0La Dix-7\u00a0\u00bb repose sur un ch\u00e2ssis disposant d&rsquo;un essieu 750kg et p\u00e8se moins de 500kg tous pleins faits. elle ne n\u00e9cessite pas de carte grise particuli\u00e8re et doit recevoir [&hellip;]<\/p>\n","protected":false},"author":1,"featured_media":0,"parent":0,"menu_order":0,"comment_status":"closed","ping_status":"closed","template":"","meta":{"om_disable_all_campaigns":false,"_monsterinsights_skip_tracking":false,"_monsterinsights_sitenote_active":false,"_monsterinsights_sitenote_note":"","_monsterinsights_sitenote_category":0,"_uf_show_specific_survey":0,"_uf_disable_surveys":false,"footnotes":""},"class_list":["post-246","page","type-page","status-publish","hentry"],"aioseo_notices":[],"_links":{"self":[{"href":"https:\/\/www.asfalt102.fr\/index.php\/wp-json\/wp\/v2\/pages\/246","targetHints":{"allow":["GET"]}}],"collection":[{"href":"https:\/\/www.asfalt102.fr\/index.php\/wp-json\/wp\/v2\/pages"}],"about":[{"href":"https:\/\/www.asfalt102.fr\/index.php\/wp-json\/wp\/v2\/types\/page"}],"author":[{"embeddable":true,"href":"https:\/\/www.asfalt102.fr\/index.php\/wp-json\/wp\/v2\/users\/1"}],"replies":[{"embeddable":true,"href":"https:\/\/www.asfalt102.fr\/index.php\/wp-json\/wp\/v2\/comments?post=246"}],"version-history":[{"count":7,"href":"https:\/\/www.asfalt102.fr\/index.php\/wp-json\/wp\/v2\/pages\/246\/revisions"}],"predecessor-version":[{"id":262,"href":"https:\/\/www.asfalt102.fr\/index.php\/wp-json\/wp\/v2\/pages\/246\/revisions\/262"}],"wp:attachment":[{"href":"https:\/\/www.asfalt102.fr\/index.php\/wp-json\/wp\/v2\/media?parent=246"}],"curies":[{"name":"wp","href":"https:\/\/api.w.org\/{rel}","templated":true}]}}