{"id":22,"date":"2025-02-06T17:18:25","date_gmt":"2025-02-06T16:18:25","guid":{"rendered":"https:\/\/www.asfalt102.fr\/?page_id=22"},"modified":"2025-03-12T20:00:05","modified_gmt":"2025-03-12T19:00:05","slug":"nos-modeles","status":"publish","type":"page","link":"https:\/\/www.asfalt102.fr\/index.php\/nos-modeles\/","title":{"rendered":"Nos mod\u00e8les"},"content":{"rendered":"\n<figure class=\"wp-block-video\"><video height=\"1920\" style=\"aspect-ratio: 1080 \/ 1920;\" width=\"1080\" controls src=\"https:\/\/www.asfalt102.fr\/wp-content\/uploads\/2025\/02\/DisMoiJamy.mp4\"><\/video><\/figure>\n\n\n\n<div class=\"wp-block-media-text is-stacked-on-mobile\"><figure class=\"wp-block-media-text__media\"><img loading=\"lazy\" decoding=\"async\" width=\"584\" height=\"554\" src=\"http:\/\/www.asfalt102.fr\/wp-content\/uploads\/2025\/02\/logo-asfalt102-la17.png\" alt=\"\" class=\"wp-image-13 size-full\" srcset=\"https:\/\/www.asfalt102.fr\/wp-content\/uploads\/2025\/02\/logo-asfalt102-la17.png 584w, https:\/\/www.asfalt102.fr\/wp-content\/uploads\/2025\/02\/logo-asfalt102-la17-300x285.png 300w\" sizes=\"auto, (max-width: 584px) 100vw, 584px\" \/><\/figure><div class=\"wp-block-media-text__content\">\n<p><em>Visuels susceptibles d&rsquo;\u00e9voluer en fonction des ann\u00e9es de fabrication<\/em><\/p>\n\n\n\n<figure class=\"wp-block-image size-large is-resized\"><img loading=\"lazy\" decoding=\"async\" width=\"1024\" height=\"512\" src=\"http:\/\/www.asfalt102.fr\/wp-content\/uploads\/2025\/02\/20221027_080937-1024x512.jpg\" alt=\"\" class=\"wp-image-9\" style=\"width:584px;height:auto\" srcset=\"https:\/\/www.asfalt102.fr\/wp-content\/uploads\/2025\/02\/20221027_080937-1024x512.jpg 1024w, https:\/\/www.asfalt102.fr\/wp-content\/uploads\/2025\/02\/20221027_080937-300x150.jpg 300w, https:\/\/www.asfalt102.fr\/wp-content\/uploads\/2025\/02\/20221027_080937-768x384.jpg 768w, https:\/\/www.asfalt102.fr\/wp-content\/uploads\/2025\/02\/20221027_080937.jpg 1440w\" sizes=\"auto, (max-width: 1024px) 100vw, 1024px\" \/><figcaption class=\"wp-element-caption\">La Dix-7<\/figcaption><\/figure>\n<\/div><\/div>\n\n\n\n<div class=\"wp-block-media-text is-stacked-on-mobile\" style=\"grid-template-columns:51% auto\"><figure class=\"wp-block-media-text__media\"><img loading=\"lazy\" decoding=\"async\" width=\"584\" height=\"554\" src=\"http:\/\/www.asfalt102.fr\/wp-content\/uploads\/2025\/02\/logo-asfalt102-la5.5.png\" alt=\"\" class=\"wp-image-12 size-full\" srcset=\"https:\/\/www.asfalt102.fr\/wp-content\/uploads\/2025\/02\/logo-asfalt102-la5.5.png 584w, https:\/\/www.asfalt102.fr\/wp-content\/uploads\/2025\/02\/logo-asfalt102-la5.5-300x285.png 300w\" sizes=\"auto, (max-width: 584px) 100vw, 584px\" \/><\/figure><div class=\"wp-block-media-text__content\">\n<figure class=\"wp-block-image size-large is-resized\"><img loading=\"lazy\" decoding=\"async\" width=\"1024\" height=\"768\" src=\"http:\/\/www.asfalt102.fr\/wp-content\/uploads\/2025\/02\/IMG_20201110_113154-1024x768.jpg\" alt=\"\" class=\"wp-image-10\" style=\"width:577px;height:auto\" srcset=\"https:\/\/www.asfalt102.fr\/wp-content\/uploads\/2025\/02\/IMG_20201110_113154-1024x768.jpg 1024w, https:\/\/www.asfalt102.fr\/wp-content\/uploads\/2025\/02\/IMG_20201110_113154-300x225.jpg 300w, https:\/\/www.asfalt102.fr\/wp-content\/uploads\/2025\/02\/IMG_20201110_113154-768x576.jpg 768w, https:\/\/www.asfalt102.fr\/wp-content\/uploads\/2025\/02\/IMG_20201110_113154-1536x1152.jpg 1536w, https:\/\/www.asfalt102.fr\/wp-content\/uploads\/2025\/02\/IMG_20201110_113154-2048x1536.jpg 2048w\" sizes=\"auto, (max-width: 1024px) 100vw, 1024px\" \/><figcaption class=\"wp-element-caption\">La Cinq.5<\/figcaption><\/figure>\n\n\n\n<p><\/p>\n\n\n\n<p><\/p>\n\n\n\n<p><\/p>\n<\/div><\/div>\n\n\n\n<p class=\"has-text-align-center has-luminous-vivid-amber-color has-foreground-background-color has-text-color has-background has-link-color wp-elements-84971219fdaa2f6789e780f400ddf63f\"><strong>Quelle est la logique de pr\u00e9vention qui a conduit \u00e0 la conception de nos remorques?<\/strong><\/p>\n\n\n\n<p><strong>r\u00e9ponse <\/strong>: les <strong>Principes G\u00e9n\u00e9raux de Pr\u00e9vention<\/strong>, qui constituent le socle essentiel de la r\u00e9glementation du Code du Travail (article L4121-2)<\/p>\n\n\n\n<ul class=\"wp-block-list\">\n<li>\u00c9viter les risques.<\/li>\n\n\n\n<li>\u00c9valuer les risques<\/li>\n\n\n\n<li>Combattre les risques \u00e0 la source<\/li>\n\n\n\n<li>Adapter le travail \u00e0 l&rsquo;Homme.<\/li>\n\n\n\n<li>\u2026<\/li>\n<\/ul>\n\n\n\n<p class=\"has-text-align-center\">La r\u00e9glementation Code du Travail garantie la protection des salari\u00e9s mais aussi la<br>protection des personnes autour de la zone de travail renfor\u00e7ant ainsi la<br>r\u00e9glementation Code de la Sant\u00e9 Publique.<\/p>\n\n\n\n<div class=\"wp-block-buttons is-content-justification-center is-layout-flex wp-container-core-buttons-is-layout-86e1f5e2 wp-block-buttons-is-layout-flex\">\n<div class=\"wp-block-button\"><a class=\"wp-block-button__link has-text-align-center wp-element-button\" href=\"https:\/\/www.asfalt102.fr\/index.php\/une-remorque-asfalt102-cest-quoi\/\">Que trouve t on dans nos remorques?<\/a><\/div>\n<\/div>\n\n\n\n<p class=\"has-luminous-vivid-amber-color has-foreground-background-color has-text-color has-background has-link-color wp-elements-efc1e70340aa793879c4eb936928cf68\">comme cela est rappel\u00e9 sur la page de la gen\u00e8se r\u00e9glementaire en mati\u00e8re d&rsquo;obligation de rep\u00e9rages amiante avant travaux notamment sur les enrob\u00e9s, la conception et la r\u00e9alisation de la premi\u00e8re remorque type <strong>\u00ab\u00a0La Dix-7<\/strong>\u00a0\u00bb remonte a fin 2012.<\/p>\n\n\n\n<p class=\"has-luminous-vivid-amber-color has-foreground-background-color has-text-color has-background has-link-color wp-elements-cf7f48641563cdc1065e135dd78923d7\">ce mod\u00e8le n&rsquo;a cess\u00e9 d&rsquo;\u00e9voluer depuis, pour donner naissance \u00e0 la version type <strong>\u00ab\u00a0La Cinq.5\u00a0\u00bb<\/strong> en 2017.<\/p>\n\n\n\n<p class=\"has-luminous-vivid-amber-color has-foreground-background-color has-text-color has-background has-link-color wp-elements-1e2e9c5416d6c401e00982fa75ccb347\">a cette date, ces 2 mod\u00e8les constituent la flotte de la SARL GEOCAPA et ont \u00e9t\u00e9 r\u00e9alis\u00e9s pour le compte d&rsquo;entreprises souhaitant se positionner sur ce march\u00e9 de diagnostics avec des outils fiables, performants, productifs.<\/p>\n\n\n\n<p class=\"has-luminous-vivid-amber-color has-foreground-background-color has-text-color has-background has-link-color wp-elements-bbff5bbd6c1e2da4f9c4f4783e0a27b1\"><em>La production de nos remorques Asfalt102 (c) est r\u00e9alis\u00e9e en france par nos soins, et issue d&rsquo;artisans, fournisseurs de mat\u00e9riels et mat\u00e9riaux fran\u00e7ais.<\/em><\/p>\n\n\n\n<p class=\"has-luminous-vivid-amber-color has-foreground-background-color has-text-color has-background has-link-color wp-elements-3b66c5a36739962446d33db543730d6b\">La particularit\u00e9 des remorques Asfalt102 repose sur une conception, une r\u00e9alisation par des acteurs impliqu\u00e9s depuis 1996 dans le contexte r\u00e9glementaire ( y compris dans les commissions AFNOR et BNTRA) ayant contribu\u00e9 \u00e0 la r\u00e9daction notamment de la norme NFX46-102. Acteurs \u00e9galement quotidiennement impliqu\u00e9s dans la r\u00e9alisation de rep\u00e9rages amiante avant travaux au niveau national tant sur les enrob\u00e9s, que les r\u00e9seaux enterr\u00e9s ou encore les ouvrages d&rsquo;arts et de g\u00e9nie civil.<\/p>\n\n\n\n<p class=\"has-luminous-vivid-amber-color has-foreground-background-color has-text-color has-background has-link-color wp-elements-a6f33f3f09319a80c84ccf6ae9805349\">Une analyse des risques exhaustive auxquels peuvent \u00eatre expos\u00e9s les diagnostiqueurs a conduit au d\u00e9veloppement de ces remorques en y int\u00e9grant le respect des diff\u00e9rents codes : Environnement, Sant\u00e9 Publique, Travail, de la Route.<\/p>\n\n\n\n<p class=\"has-luminous-vivid-amber-color has-foreground-background-color has-text-color has-background has-link-color wp-elements-c7dc040ce5fe90403ac7bf904be10cd8\">Ainsi, la prise en compte des TMS (\u00e9viter la manipulation r\u00e9p\u00e9t\u00e9e de charges lourdes), des risques routiers, compl\u00e8te la capacit\u00e9 de nos remorques \u00e0 respecter les pr\u00e9l\u00e8vements dits en \u00ab\u00a0sous-section 4 amiante\u00a0\u00bb.<\/p>\n\n\n\n<p class=\"has-text-align-center has-luminous-vivid-amber-color has-foreground-background-color has-text-color has-background has-link-color wp-elements-9d5a1db24ff2725f4b516b9e31146e58\"><strong>\u00c9viter les risques \/ \u00c9valuer les risques  \/ Combattre les risques \u00e0 la source  \/ Adapter le travail \u00e0 l\u2019Homme<\/strong> \/ etc.<\/p>\n\n\n\n<figure class=\"wp-block-gallery has-nested-images columns-default is-cropped wp-block-gallery-1 is-layout-flex wp-block-gallery-is-layout-flex\">\n<figure class=\"wp-block-image size-large\"><img loading=\"lazy\" decoding=\"async\" width=\"1024\" height=\"576\" data-id=\"62\" src=\"https:\/\/www.asfalt102.fr\/wp-content\/uploads\/2025\/02\/IMAG2385-1024x576.jpg\" alt=\"\" class=\"wp-image-62\" srcset=\"https:\/\/www.asfalt102.fr\/wp-content\/uploads\/2025\/02\/IMAG2385-1024x576.jpg 1024w, https:\/\/www.asfalt102.fr\/wp-content\/uploads\/2025\/02\/IMAG2385-300x169.jpg 300w, https:\/\/www.asfalt102.fr\/wp-content\/uploads\/2025\/02\/IMAG2385-768x432.jpg 768w, https:\/\/www.asfalt102.fr\/wp-content\/uploads\/2025\/02\/IMAG2385-1536x864.jpg 1536w, https:\/\/www.asfalt102.fr\/wp-content\/uploads\/2025\/02\/IMAG2385-2048x1152.jpg 2048w\" sizes=\"auto, (max-width: 1024px) 100vw, 1024px\" \/><\/figure>\n\n\n\n<figure class=\"wp-block-image size-large\"><img loading=\"lazy\" decoding=\"async\" width=\"1024\" height=\"576\" data-id=\"61\" src=\"https:\/\/www.asfalt102.fr\/wp-content\/uploads\/2025\/02\/IMAG2156-1024x576.jpg\" alt=\"\" class=\"wp-image-61\" srcset=\"https:\/\/www.asfalt102.fr\/wp-content\/uploads\/2025\/02\/IMAG2156-1024x576.jpg 1024w, https:\/\/www.asfalt102.fr\/wp-content\/uploads\/2025\/02\/IMAG2156-300x169.jpg 300w, https:\/\/www.asfalt102.fr\/wp-content\/uploads\/2025\/02\/IMAG2156-768x432.jpg 768w, https:\/\/www.asfalt102.fr\/wp-content\/uploads\/2025\/02\/IMAG2156-1536x864.jpg 1536w, https:\/\/www.asfalt102.fr\/wp-content\/uploads\/2025\/02\/IMAG2156-2048x1152.jpg 2048w\" sizes=\"auto, (max-width: 1024px) 100vw, 1024px\" \/><\/figure>\n\n\n\n<figure class=\"wp-block-image size-large\"><img loading=\"lazy\" decoding=\"async\" width=\"1024\" height=\"768\" data-id=\"67\" src=\"https:\/\/www.asfalt102.fr\/wp-content\/uploads\/2025\/02\/image-hazmat-1024x768.jpg\" alt=\"\" class=\"wp-image-67\" srcset=\"https:\/\/www.asfalt102.fr\/wp-content\/uploads\/2025\/02\/image-hazmat-1024x768.jpg 1024w, https:\/\/www.asfalt102.fr\/wp-content\/uploads\/2025\/02\/image-hazmat-300x225.jpg 300w, https:\/\/www.asfalt102.fr\/wp-content\/uploads\/2025\/02\/image-hazmat-768x576.jpg 768w, https:\/\/www.asfalt102.fr\/wp-content\/uploads\/2025\/02\/image-hazmat.jpg 1280w\" sizes=\"auto, (max-width: 1024px) 100vw, 1024px\" \/><\/figure>\n<\/figure>\n\n\n\n<p class=\"has-text-align-center\"><em><strong>Quelques exemples de nos r\u00e9alisations<\/strong><\/em><\/p>\n\n\n\n<figure class=\"wp-block-gallery has-nested-images columns-default is-cropped wp-block-gallery-2 is-layout-flex wp-block-gallery-is-layout-flex\">\n<figure class=\"wp-block-image size-large\"><img loading=\"lazy\" decoding=\"async\" width=\"1024\" height=\"768\" data-id=\"69\" src=\"https:\/\/www.asfalt102.fr\/wp-content\/uploads\/2025\/02\/IMAG1451-1024x768.jpg\" alt=\"\" class=\"wp-image-69\" srcset=\"https:\/\/www.asfalt102.fr\/wp-content\/uploads\/2025\/02\/IMAG1451-1024x768.jpg 1024w, https:\/\/www.asfalt102.fr\/wp-content\/uploads\/2025\/02\/IMAG1451-300x225.jpg 300w, https:\/\/www.asfalt102.fr\/wp-content\/uploads\/2025\/02\/IMAG1451-768x576.jpg 768w, https:\/\/www.asfalt102.fr\/wp-content\/uploads\/2025\/02\/IMAG1451-1536x1152.jpg 1536w, https:\/\/www.asfalt102.fr\/wp-content\/uploads\/2025\/02\/IMAG1451-2048x1536.jpg 2048w\" sizes=\"auto, (max-width: 1024px) 100vw, 1024px\" \/><\/figure>\n\n\n\n<figure class=\"wp-block-image size-large\"><img loading=\"lazy\" decoding=\"async\" width=\"1024\" height=\"576\" data-id=\"68\" src=\"https:\/\/www.asfalt102.fr\/wp-content\/uploads\/2025\/02\/IMAG5430-1024x576.jpg\" alt=\"\" class=\"wp-image-68\" srcset=\"https:\/\/www.asfalt102.fr\/wp-content\/uploads\/2025\/02\/IMAG5430-1024x576.jpg 1024w, https:\/\/www.asfalt102.fr\/wp-content\/uploads\/2025\/02\/IMAG5430-300x169.jpg 300w, https:\/\/www.asfalt102.fr\/wp-content\/uploads\/2025\/02\/IMAG5430-768x432.jpg 768w, https:\/\/www.asfalt102.fr\/wp-content\/uploads\/2025\/02\/IMAG5430-1536x864.jpg 1536w, https:\/\/www.asfalt102.fr\/wp-content\/uploads\/2025\/02\/IMAG5430-2048x1152.jpg 2048w\" sizes=\"auto, (max-width: 1024px) 100vw, 1024px\" \/><\/figure>\n<\/figure>\n\n\n\n<figure class=\"wp-block-image size-large\"><img loading=\"lazy\" decoding=\"async\" width=\"771\" height=\"1024\" src=\"https:\/\/www.asfalt102.fr\/wp-content\/uploads\/2025\/02\/PXL_20250207_170316074.MP_-771x1024.jpg\" alt=\"\" class=\"wp-image-164\" srcset=\"https:\/\/www.asfalt102.fr\/wp-content\/uploads\/2025\/02\/PXL_20250207_170316074.MP_-771x1024.jpg 771w, https:\/\/www.asfalt102.fr\/wp-content\/uploads\/2025\/02\/PXL_20250207_170316074.MP_-226x300.jpg 226w, https:\/\/www.asfalt102.fr\/wp-content\/uploads\/2025\/02\/PXL_20250207_170316074.MP_-768x1020.jpg 768w, https:\/\/www.asfalt102.fr\/wp-content\/uploads\/2025\/02\/PXL_20250207_170316074.MP_-1157x1536.jpg 1157w, https:\/\/www.asfalt102.fr\/wp-content\/uploads\/2025\/02\/PXL_20250207_170316074.MP_-1542x2048.jpg 1542w, https:\/\/www.asfalt102.fr\/wp-content\/uploads\/2025\/02\/PXL_20250207_170316074.MP_-scaled.jpg 1928w\" sizes=\"auto, (max-width: 771px) 100vw, 771px\" \/><\/figure>\n\n\n\n<figure class=\"wp-block-gallery has-nested-images columns-default is-cropped wp-block-gallery-3 is-layout-flex wp-block-gallery-is-layout-flex\">\n<figure class=\"wp-block-image size-large\"><img loading=\"lazy\" decoding=\"async\" width=\"771\" height=\"1024\" data-id=\"286\" src=\"https:\/\/www.asfalt102.fr\/wp-content\/uploads\/2025\/02\/PXL_20250212_165519384.MP_-771x1024.jpg\" alt=\"\" class=\"wp-image-286\" srcset=\"https:\/\/www.asfalt102.fr\/wp-content\/uploads\/2025\/02\/PXL_20250212_165519384.MP_-771x1024.jpg 771w, https:\/\/www.asfalt102.fr\/wp-content\/uploads\/2025\/02\/PXL_20250212_165519384.MP_-226x300.jpg 226w, https:\/\/www.asfalt102.fr\/wp-content\/uploads\/2025\/02\/PXL_20250212_165519384.MP_-768x1020.jpg 768w, https:\/\/www.asfalt102.fr\/wp-content\/uploads\/2025\/02\/PXL_20250212_165519384.MP_-1157x1536.jpg 1157w, https:\/\/www.asfalt102.fr\/wp-content\/uploads\/2025\/02\/PXL_20250212_165519384.MP_-1542x2048.jpg 1542w, https:\/\/www.asfalt102.fr\/wp-content\/uploads\/2025\/02\/PXL_20250212_165519384.MP_-scaled.jpg 1928w\" sizes=\"auto, (max-width: 771px) 100vw, 771px\" \/><\/figure>\n\n\n\n<figure class=\"wp-block-image size-large\"><img loading=\"lazy\" decoding=\"async\" width=\"771\" height=\"1024\" data-id=\"282\" src=\"https:\/\/www.asfalt102.fr\/wp-content\/uploads\/2025\/02\/PXL_20250212_165557115.MP_-771x1024.jpg\" alt=\"\" class=\"wp-image-282\" srcset=\"https:\/\/www.asfalt102.fr\/wp-content\/uploads\/2025\/02\/PXL_20250212_165557115.MP_-771x1024.jpg 771w, https:\/\/www.asfalt102.fr\/wp-content\/uploads\/2025\/02\/PXL_20250212_165557115.MP_-226x300.jpg 226w, https:\/\/www.asfalt102.fr\/wp-content\/uploads\/2025\/02\/PXL_20250212_165557115.MP_-768x1020.jpg 768w, https:\/\/www.asfalt102.fr\/wp-content\/uploads\/2025\/02\/PXL_20250212_165557115.MP_-1157x1536.jpg 1157w, https:\/\/www.asfalt102.fr\/wp-content\/uploads\/2025\/02\/PXL_20250212_165557115.MP_-1542x2048.jpg 1542w, https:\/\/www.asfalt102.fr\/wp-content\/uploads\/2025\/02\/PXL_20250212_165557115.MP_-scaled.jpg 1928w\" sizes=\"auto, (max-width: 771px) 100vw, 771px\" \/><\/figure>\n\n\n\n<figure class=\"wp-block-image size-large\"><img loading=\"lazy\" decoding=\"async\" width=\"771\" height=\"1024\" data-id=\"281\" src=\"https:\/\/www.asfalt102.fr\/wp-content\/uploads\/2025\/02\/PXL_20250212_165603001.MP_-771x1024.jpg\" alt=\"\" class=\"wp-image-281\" srcset=\"https:\/\/www.asfalt102.fr\/wp-content\/uploads\/2025\/02\/PXL_20250212_165603001.MP_-771x1024.jpg 771w, https:\/\/www.asfalt102.fr\/wp-content\/uploads\/2025\/02\/PXL_20250212_165603001.MP_-226x300.jpg 226w, https:\/\/www.asfalt102.fr\/wp-content\/uploads\/2025\/02\/PXL_20250212_165603001.MP_-768x1020.jpg 768w, https:\/\/www.asfalt102.fr\/wp-content\/uploads\/2025\/02\/PXL_20250212_165603001.MP_-1157x1536.jpg 1157w, https:\/\/www.asfalt102.fr\/wp-content\/uploads\/2025\/02\/PXL_20250212_165603001.MP_-1542x2048.jpg 1542w, https:\/\/www.asfalt102.fr\/wp-content\/uploads\/2025\/02\/PXL_20250212_165603001.MP_-scaled.jpg 1928w\" sizes=\"auto, (max-width: 771px) 100vw, 771px\" \/><\/figure>\n\n\n\n<figure class=\"wp-block-image size-large\"><img loading=\"lazy\" decoding=\"async\" width=\"771\" height=\"1024\" data-id=\"288\" src=\"https:\/\/www.asfalt102.fr\/wp-content\/uploads\/2025\/02\/PXL_20250212_165544678.MP_-771x1024.jpg\" alt=\"\" class=\"wp-image-288\" srcset=\"https:\/\/www.asfalt102.fr\/wp-content\/uploads\/2025\/02\/PXL_20250212_165544678.MP_-771x1024.jpg 771w, https:\/\/www.asfalt102.fr\/wp-content\/uploads\/2025\/02\/PXL_20250212_165544678.MP_-226x300.jpg 226w, https:\/\/www.asfalt102.fr\/wp-content\/uploads\/2025\/02\/PXL_20250212_165544678.MP_-768x1020.jpg 768w, https:\/\/www.asfalt102.fr\/wp-content\/uploads\/2025\/02\/PXL_20250212_165544678.MP_-1157x1536.jpg 1157w, https:\/\/www.asfalt102.fr\/wp-content\/uploads\/2025\/02\/PXL_20250212_165544678.MP_-1542x2048.jpg 1542w, https:\/\/www.asfalt102.fr\/wp-content\/uploads\/2025\/02\/PXL_20250212_165544678.MP_-scaled.jpg 1928w\" sizes=\"auto, (max-width: 771px) 100vw, 771px\" \/><\/figure>\n\n\n\n<figure class=\"wp-block-image size-large\"><img loading=\"lazy\" decoding=\"async\" width=\"771\" height=\"1024\" data-id=\"284\" src=\"https:\/\/www.asfalt102.fr\/wp-content\/uploads\/2025\/02\/PXL_20250212_170300519.MP_-771x1024.jpg\" alt=\"\" class=\"wp-image-284\" srcset=\"https:\/\/www.asfalt102.fr\/wp-content\/uploads\/2025\/02\/PXL_20250212_170300519.MP_-771x1024.jpg 771w, https:\/\/www.asfalt102.fr\/wp-content\/uploads\/2025\/02\/PXL_20250212_170300519.MP_-226x300.jpg 226w, https:\/\/www.asfalt102.fr\/wp-content\/uploads\/2025\/02\/PXL_20250212_170300519.MP_-768x1020.jpg 768w, https:\/\/www.asfalt102.fr\/wp-content\/uploads\/2025\/02\/PXL_20250212_170300519.MP_-1157x1536.jpg 1157w, https:\/\/www.asfalt102.fr\/wp-content\/uploads\/2025\/02\/PXL_20250212_170300519.MP_-1542x2048.jpg 1542w, https:\/\/www.asfalt102.fr\/wp-content\/uploads\/2025\/02\/PXL_20250212_170300519.MP_-scaled.jpg 1928w\" sizes=\"auto, (max-width: 771px) 100vw, 771px\" \/><\/figure>\n\n\n\n<figure class=\"wp-block-image size-large\"><img loading=\"lazy\" decoding=\"async\" width=\"771\" height=\"1024\" data-id=\"283\" src=\"https:\/\/www.asfalt102.fr\/wp-content\/uploads\/2025\/02\/PXL_20250212_171314462.MP_-771x1024.jpg\" alt=\"\" class=\"wp-image-283\" srcset=\"https:\/\/www.asfalt102.fr\/wp-content\/uploads\/2025\/02\/PXL_20250212_171314462.MP_-771x1024.jpg 771w, https:\/\/www.asfalt102.fr\/wp-content\/uploads\/2025\/02\/PXL_20250212_171314462.MP_-226x300.jpg 226w, https:\/\/www.asfalt102.fr\/wp-content\/uploads\/2025\/02\/PXL_20250212_171314462.MP_-768x1020.jpg 768w, https:\/\/www.asfalt102.fr\/wp-content\/uploads\/2025\/02\/PXL_20250212_171314462.MP_-1157x1536.jpg 1157w, https:\/\/www.asfalt102.fr\/wp-content\/uploads\/2025\/02\/PXL_20250212_171314462.MP_-1542x2048.jpg 1542w, https:\/\/www.asfalt102.fr\/wp-content\/uploads\/2025\/02\/PXL_20250212_171314462.MP_-scaled.jpg 1928w\" sizes=\"auto, (max-width: 771px) 100vw, 771px\" \/><\/figure>\n<\/figure>\n\n\n\n<figure class=\"wp-block-video\"><video height=\"1920\" style=\"aspect-ratio: 1080 \/ 1920;\" width=\"1080\" controls src=\"https:\/\/www.asfalt102.fr\/wp-content\/uploads\/2025\/02\/Video_presentation_Asfalt102_LaDix7.mp4\"><\/video><\/figure>\n","protected":false},"excerpt":{"rendered":"<p>Quelle est la logique de pr\u00e9vention qui a conduit \u00e0 la conception de nos remorques? r\u00e9ponse : les Principes G\u00e9n\u00e9raux de Pr\u00e9vention, qui constituent le socle essentiel de la r\u00e9glementation du Code du Travail (article L4121-2) La r\u00e9glementation Code du Travail garantie la protection des salari\u00e9s mais aussi laprotection des personnes autour de la zone [&hellip;]<\/p>\n","protected":false},"author":1,"featured_media":0,"parent":0,"menu_order":0,"comment_status":"closed","ping_status":"closed","template":"","meta":{"om_disable_all_campaigns":false,"_monsterinsights_skip_tracking":false,"_monsterinsights_sitenote_active":false,"_monsterinsights_sitenote_note":"","_monsterinsights_sitenote_category":0,"_uf_show_specific_survey":0,"_uf_disable_surveys":false,"footnotes":""},"class_list":["post-22","page","type-page","status-publish","hentry"],"aioseo_notices":[],"_links":{"self":[{"href":"https:\/\/www.asfalt102.fr\/index.php\/wp-json\/wp\/v2\/pages\/22","targetHints":{"allow":["GET"]}}],"collection":[{"href":"https:\/\/www.asfalt102.fr\/index.php\/wp-json\/wp\/v2\/pages"}],"about":[{"href":"https:\/\/www.asfalt102.fr\/index.php\/wp-json\/wp\/v2\/types\/page"}],"author":[{"embeddable":true,"href":"https:\/\/www.asfalt102.fr\/index.php\/wp-json\/wp\/v2\/users\/1"}],"replies":[{"embeddable":true,"href":"https:\/\/www.asfalt102.fr\/index.php\/wp-json\/wp\/v2\/comments?post=22"}],"version-history":[{"count":21,"href":"https:\/\/www.asfalt102.fr\/index.php\/wp-json\/wp\/v2\/pages\/22\/revisions"}],"predecessor-version":[{"id":495,"href":"https:\/\/www.asfalt102.fr\/index.php\/wp-json\/wp\/v2\/pages\/22\/revisions\/495"}],"wp:attachment":[{"href":"https:\/\/www.asfalt102.fr\/index.php\/wp-json\/wp\/v2\/media?parent=22"}],"curies":[{"name":"wp","href":"https:\/\/api.w.org\/{rel}","templated":true}]}}