{"id":20,"date":"2025-02-06T17:37:12","date_gmt":"2025-02-06T16:37:12","guid":{"rendered":"https:\/\/www.asfalt102.fr\/?page_id=20"},"modified":"2025-07-09T17:31:45","modified_gmt":"2025-07-09T15:31:45","slug":"la-genese-reglementaire","status":"publish","type":"page","link":"https:\/\/www.asfalt102.fr\/index.php\/la-genese-reglementaire\/","title":{"rendered":"la gen\u00e8se r\u00e9glementaire&#8230;"},"content":{"rendered":"\n<p class=\"has-text-align-center\"><em><strong>nota : les textes mentionn\u00e9s et list\u00e9s ci-dessous ne sont qu&rsquo;un extrait des textes r\u00e9glementaires applicables aux obligations de rep\u00e9rages amiante avant travaux<\/strong><\/em>, <em><strong>plus particuli\u00e8rement sur enrob\u00e9s, et ne peuvent pr\u00e9tendre constituer une base r\u00e9glementaire exhaustive en la mati\u00e8re.<\/strong><\/em><\/p>\n\n\n\n<p class=\"has-pale-pink-color has-foreground-background-color has-text-color has-background has-link-color wp-elements-1967bcc17c432e7200d0144d80f3f493\"><strong>Circulaire du 15 mai 2013 portant instruction sur la gestion des risques sanitaires li\u00e9s \u00e0 l&rsquo;amiante dans le cas de travaux sur les enrob\u00e9s amiant\u00e9s du r\u00e9seau routier national non conc\u00e9d\u00e9<\/strong><\/p>\n\n\n\n<p class=\"has-luminous-vivid-amber-color has-foreground-background-color has-text-color has-background has-link-color wp-elements-72e4c676ac6204ad5ac873ec46c575eb\">depuis le d\u00e9but 2012, la SARL GEOCAPA re\u00e7oit des demandes de rep\u00e9rages amiante avant travaux sur les enrob\u00e9s et les r\u00e9seaux enterr\u00e9s. La publication de la circulaire a pour effet de faire augmenter ces demandes d&rsquo;interventions. La premi\u00e8re remorque type \u00ab\u00a0La Dix-7\u00a0\u00bb est ainsi con\u00e7ue, r\u00e9alis\u00e9e par nos soins.<\/p>\n\n\n\n<p class=\"has-pale-pink-color has-foreground-background-color has-text-color has-background has-link-color wp-elements-425fee7f604ce201f995851a3038e5da\"><strong>LOI n\u00b0 2016-1088 du 8 ao\u00fbt 2016 relative au travail, \u00e0 la modernisation du dialogue social et \u00e0 la s\u00e9curisation des parcours professionnels<\/strong><\/p>\n\n\n\n<p class=\"has-luminous-vivid-amber-color has-foreground-background-color has-text-color has-background has-link-color wp-elements-b47d084767d94ff238855545b24f1f7a\">l&rsquo;article 113 \/ chapitre IIbis de cette loi introduit l&rsquo;obligation de rep\u00e9rages amiante avant travaux dans le cadre de la gestion des risques d&rsquo;exposition \u00e0 l&rsquo;amiante.<\/p>\n\n\n\n<p class=\"has-pale-pink-color has-foreground-background-color has-text-color has-background has-link-color wp-elements-c99056ea8fb0326ab55c4fc3b0d045d2\"><strong>D\u00e9cret n\u00b0 2017-899 du 9 mai 2017 relatif au rep\u00e9rage de l&rsquo;amiante avant certaines op\u00e9rations<\/strong><\/p>\n\n\n\n<p class=\"has-luminous-vivid-amber-color has-foreground-background-color has-text-color has-background has-link-color wp-elements-f22a2394387f1a76d3d80afbc2f5ca04\">ce d\u00e9cret modifie le Code du Travail (Art. R. 4412-97.-I) en \u00e9tendant l&rsquo;obligation de faire r\u00e9aliser des rep\u00e9rages amiante avant travaux dans 6 domaines distincts, dont le domaine 2 : \u00ab\u00a0Autres immeubles tels que terrains, ouvrages de g\u00e9nie civil et infrastructures de transport\u00a0\u00bb.<\/p>\n\n\n\n<p class=\"has-pale-pink-color has-foreground-background-color has-text-color has-background has-link-color wp-elements-4ffb94be0ff3ca6970fa4cee77a0a84a\"><strong>Norme NFX46-102<\/strong> de novembre 2020<\/p>\n\n\n\n<p class=\"has-luminous-vivid-amber-color has-foreground-background-color has-text-color has-background has-link-color wp-elements-922c4627621932790bd7beacaa72594d\">les travaux normatifs visant \u00e0 la r\u00e9daction de la norme \u00ab\u00a0NFX46-102 \/ Rep\u00e9rage amiante &#8211; Rep\u00e9rage des mat\u00e9riaux et produits contenant de l&rsquo;amiante dans les ouvrages de g\u00e9nie civil, infrastructures de transport et r\u00e9seaux divers &#8211; Mission et m\u00e9thodologie\u00a0\u00bb d\u00e9butent fin 2017. Cette norme sera publi\u00e9e en novembre 2020. Elle est rendu d&rsquo;application obligatoire par son arr\u00eat\u00e9.<\/p>\n\n\n\n<p class=\"has-pale-pink-color has-foreground-background-color has-text-color has-background has-link-color wp-elements-99be0d8632ace98708be212951e4d2fa\"><strong>Arr\u00eat\u00e9 du 4 juin 2024<\/strong><\/p>\n\n\n\n<p class=\"has-luminous-vivid-amber-color has-foreground-background-color has-text-color has-background has-link-color wp-elements-a4e383303e50ba6485430a41d8edcd0b\">relatif au rep\u00e9rage de l&rsquo;amiante avant certaines op\u00e9rations r\u00e9alis\u00e9es dans les immeubles autres que b\u00e2tis tels que les ouvrages de g\u00e9nie civil, infrastructures de transport ou r\u00e9seaux divers, pr\u00e9cise les conditions dans lesquelles est conduite la mission de rep\u00e9rage de l&rsquo;amiante conduite conform\u00e9ment aux exigences de la norme NF X 46-102.<\/p>\n\n\n\n<p class=\"has-text-align-center\"><a href=\"https:\/\/www.asfalt102.fr\/wp-admin\/post.php?post=774&amp;action=edit\" target=\"_blank\" rel=\"noopener\" title=\"\"><strong>la formation<\/strong><\/a><\/p>\n\n\n\n<p class=\"has-pale-pink-color has-foreground-background-color has-text-color has-background has-link-color wp-elements-f336bd999307f36162b2cd4e38462606\"><strong>Arr\u00eat\u00e9 du 1er octobre 2019<\/strong><\/p>\n\n\n\n<p class=\"has-luminous-vivid-amber-color has-foreground-background-color has-text-color has-background has-link-color wp-elements-291d742ba8381e72e4c413bc11beac07\">relatif aux modalit\u00e9s de r\u00e9alisation des analyses de mat\u00e9riaux et produits susceptibles de contenir de l&rsquo;amiante, aux conditions de comp\u00e9tences du personnel et d&rsquo;accr\u00e9ditation des organismes proc\u00e9dant \u00e0 ces analyses, pr\u00e9cise comment les analyses de mat\u00e9riaux \/ produits doivent \u00eatre conduites notamment en cr\u00e9ant 3 nouvelles port\u00e9es d\u2019accr\u00e9ditations pour les laboratoires. Les analyses relatives aux enrob\u00e9s devant \u00eatre r\u00e9alis\u00e9es sur le liant et les granulats, par couche, selon la port\u00e9e type 3.<\/p>\n\n\n\n<p class=\"has-pale-pink-color has-foreground-background-color has-text-color has-background has-link-color wp-elements-d90a0fe4e90692b809afd1a6a2ca5d53\"><strong>Questions \/ R\u00e9ponses de la DGT du 16 juin 2021<\/strong><\/p>\n\n\n\n<p class=\"has-luminous-vivid-amber-color has-foreground-background-color has-text-color has-background has-link-color wp-elements-c49b37e0393c437b27ab2d9e37ddeaef\">Analyse des mat\u00e9riaux et des produits susceptibles de contenir de l\u2019amiante <a href=\"https:\/\/travail-emploi.gouv.fr\/sites\/travail-emploi\/files\/files-spip\/pdf\/qr_amiante_analyse_materiaux_et_produits_16062021.pdf\">https:\/\/travail-emploi.gouv.fr\/sites\/travail-emploi\/files\/files-spip\/pdf\/qr_amiante_analyse_materiaux_et_produits_16062021.pdf<\/a><\/p>\n\n\n\n<p class=\"has-luminous-vivid-amber-color has-foreground-background-color has-text-color has-background has-link-color wp-elements-568e5c83ae0a1a534ef35aa53d02fdb3\"><em>document essentiel pour la bonne compr\u00e9hension de la r\u00e9alisation et de l&rsquo;organisation des missions de rep\u00e9rages relatives \u00e0 l&rsquo;application de la nome NFX46-102.<\/em><\/p>\n\n\n\n<p class=\"has-pale-pink-color has-foreground-background-color has-text-color has-background has-link-color wp-elements-b10db46c096d9cde52a64cb41e6ac5c8\"><strong>Norme NFP94-001<\/strong> de novembre 2021<\/p>\n\n\n\n<p class=\"has-luminous-vivid-amber-color has-foreground-background-color has-text-color has-background has-link-color wp-elements-bc3a5d4961432575ff95575990dd6748\">Rep\u00e9rage amiante environnemental &#8211; Etude g\u00e9ologique des sols et des roches en place &#8211; Mission et m\u00e9thodologie, publi\u00e9e en novembre 2021, \u00ab\u00a0soeur jumelle\u00a0\u00bb de la NFX46-102 dans le domaine 2, traite quant \u00e0 elle des missions de rep\u00e9rage d&rsquo;amiante environnemental avant travaux dans les sols et roches en place, c&rsquo;est-\u00e0-dire n&rsquo;ayant subi aucune action anthropique. Ce rep\u00e9rage est fond\u00e9 sur la recherche d&rsquo;objets g\u00e9ologiques susceptibles de contenir de l&rsquo;amiante environnemental. en vue de compl\u00e9ter ou de constituer les documents de tra\u00e7abilit\u00e9 et de cartographie relatifs \u00e0 la pr\u00e9sence d&rsquo;objets g\u00e9ologiques (susceptibles) de contenir de l&rsquo;amiante environnemental. <a href=\"https:\/\/www.bureau-gda.fr\/la-norme-nf-p94-001\/\" target=\"_blank\" rel=\"noopener\" title=\"\">https:\/\/www.bureau-gda.fr\/la-norme-nf-p94-001\/<\/a><\/p>\n\n\n\n<p class=\"has-pale-pink-color has-foreground-background-color has-text-color has-background has-link-color wp-elements-df349baeeeed8b5ee5129daeef059da8\"><strong>NFX46-020 version d&rsquo;aout 2017<\/strong><\/p>\n\n\n\n<p class=\"has-luminous-vivid-amber-color has-foreground-background-color has-text-color has-background has-link-color wp-elements-6babe215ca1676848e1244ac445ac0b0\">Rep\u00e9rage amiante &#8211; Rep\u00e9rage des mat\u00e9riaux et produits contenant de l&rsquo;amiante dans les immeubles b\u00e2tis &#8211; Mission et m\u00e9thodologie, traite encore dans sa version actuelle des \u00ab\u00a0voiries priv\u00e9es\u00a0\u00bb rattach\u00e9es aux immeubles b\u00e2tis. Il est tout de m\u00eame fortement recommand\u00e9 aux donneurs d&rsquo;ordres de faire appliquer la norme NFX4-102 dans le cadre de rep\u00e9rages sur enrob\u00e9s, r\u00e9seaux enterr\u00e9s sous peine de ne pas \u00eatre conforme aux exigences du d\u00e9cret 2017-899 \u00e0 compter de juillet 2026.<\/p>\n\n\n\n<p class=\"has-luminous-vivid-orange-color has-foreground-background-color has-text-color has-background has-link-color wp-elements-802e75c44e6283455c41343bfc808d5d\"><strong>au passage&#8230;<\/strong><\/p>\n\n\n\n<p class=\"has-luminous-vivid-orange-color has-foreground-background-color has-text-color has-background has-link-color wp-elements-a01dc46ce9165dc84c8b4e2ca55a6eeb\"><strong>le guide publi\u00e9 par l&rsquo;IDRRIM<\/strong> \u00ab\u00a0Responsabilit\u00e9s des ma\u00eetres d&rsquo;ouvrage et dispositions \u00e0 prendre lors d&rsquo;op\u00e9rations de fraisage, de d\u00e9molition, de recyclage ou de r\u00e9utilisation d&rsquo;enrob\u00e9s bitumineux\u00a0\u00bb de d\u00e9cembre 2013 est <strong>rendu caduc par la publication de la norme NFX46-102<\/strong>.<\/p>\n\n\n\n<p class=\"has-foreground-color has-luminous-vivid-amber-background-color has-text-color has-background has-link-color wp-elements-979d41479f4201df3e449016d01e8943\"><strong>\u00e0 venir&#8230; Stay tuned \/ restez connect\u00e9s&#8230;<\/strong><\/p>\n\n\n\n<p class=\"has-foreground-color has-luminous-vivid-amber-background-color has-text-color has-background has-link-color wp-elements-ac885901c297550d135f8ff6ce3a7bfb\">Deux guides d&rsquo;application de la norme NFX46-102 \u00e0 destination des donneurs d&rsquo;ordres et des op\u00e9rateurs de rep\u00e9rages sont en cours de finalisation et devraient \u00eatre mis en ligne d&rsquo;ici la fin de l&rsquo;ann\u00e9e 2025.<\/p>\n\n\n\n<p class=\"has-foreground-color has-luminous-vivid-amber-background-color has-text-color has-background has-link-color wp-elements-46c435eaf1fb57787bf74c15affd4ef5\">concernant la norme NFP94-001, un guide d&rsquo;application est \u00e9galement en cours de finalisation, il devrait \u00e9galement \u00eatre disponible courant 2025-2026. Un autre guide \u00ab\u00a0COMMENT APPLIQUER LA NORME NF P94-001 ?\u00a0\u00bb est d\u00e9j\u00e0 t\u00e9l\u00e9chargeable sur le site de Syntec Ing\u00e9nierie :  <a href=\"https:\/\/www.google.com\/url?sa=t&amp;source=web&amp;rct=j&amp;opi=89978449&amp;url=https:\/\/www.syntec-ingenierie.fr\/app\/uploads\/2024\/02\/Syntec_AMIANTE.pdf&amp;ved=2ahUKEwiGuImJk7GLAxUl_rsIHdEJHpkQFnoECCAQAQ&amp;usg=AOvVaw0fAQvhv2tY0B3wHeBae3Ts\">https:\/\/www.google.com\/url?sa=t&amp;source=web&amp;rct=j&amp;opi=89978449&amp;url=https:\/\/www.syntec-ingenierie.fr\/app\/uploads\/2024\/02\/Syntec_AMIANTE.pdf&amp;ved=2ahUKEwiGuImJk7GLAxUl_rsIHdEJHpkQFnoECCAQAQ&amp;usg=AOvVaw0fAQvhv2tY0B3wHeBae3Ts<\/a><\/p>\n\n\n\n<p><\/p>\n","protected":false},"excerpt":{"rendered":"<p>nota : les textes mentionn\u00e9s et list\u00e9s ci-dessous ne sont qu&rsquo;un extrait des textes r\u00e9glementaires applicables aux obligations de rep\u00e9rages amiante avant travaux, plus particuli\u00e8rement sur enrob\u00e9s, et ne peuvent pr\u00e9tendre constituer une base r\u00e9glementaire exhaustive en la mati\u00e8re. Circulaire du 15 mai 2013 portant instruction sur la gestion des risques sanitaires li\u00e9s \u00e0 l&rsquo;amiante [&hellip;]<\/p>\n","protected":false},"author":1,"featured_media":0,"parent":0,"menu_order":0,"comment_status":"closed","ping_status":"closed","template":"","meta":{"om_disable_all_campaigns":false,"_monsterinsights_skip_tracking":false,"_monsterinsights_sitenote_active":false,"_monsterinsights_sitenote_note":"","_monsterinsights_sitenote_category":0,"_uf_show_specific_survey":0,"_uf_disable_surveys":false,"footnotes":""},"class_list":["post-20","page","type-page","status-publish","hentry"],"aioseo_notices":[],"_links":{"self":[{"href":"https:\/\/www.asfalt102.fr\/index.php\/wp-json\/wp\/v2\/pages\/20","targetHints":{"allow":["GET"]}}],"collection":[{"href":"https:\/\/www.asfalt102.fr\/index.php\/wp-json\/wp\/v2\/pages"}],"about":[{"href":"https:\/\/www.asfalt102.fr\/index.php\/wp-json\/wp\/v2\/types\/page"}],"author":[{"embeddable":true,"href":"https:\/\/www.asfalt102.fr\/index.php\/wp-json\/wp\/v2\/users\/1"}],"replies":[{"embeddable":true,"href":"https:\/\/www.asfalt102.fr\/index.php\/wp-json\/wp\/v2\/comments?post=20"}],"version-history":[{"count":12,"href":"https:\/\/www.asfalt102.fr\/index.php\/wp-json\/wp\/v2\/pages\/20\/revisions"}],"predecessor-version":[{"id":778,"href":"https:\/\/www.asfalt102.fr\/index.php\/wp-json\/wp\/v2\/pages\/20\/revisions\/778"}],"wp:attachment":[{"href":"https:\/\/www.asfalt102.fr\/index.php\/wp-json\/wp\/v2\/media?parent=20"}],"curies":[{"name":"wp","href":"https:\/\/api.w.org\/{rel}","templated":true}]}}