{"id":106,"date":"2025-02-07T10:36:52","date_gmt":"2025-02-07T09:36:52","guid":{"rendered":"https:\/\/www.asfalt102.fr\/?page_id=106"},"modified":"2025-11-18T14:42:29","modified_gmt":"2025-11-18T13:42:29","slug":"actualites","status":"publish","type":"page","link":"https:\/\/www.asfalt102.fr\/index.php\/actualites\/","title":{"rendered":"Actualit\u00e9s &#8211; place de l&rsquo;enrob\u00e9"},"content":{"rendered":"\n<p class=\"has-luminous-vivid-amber-color has-foreground-background-color has-text-color has-background has-link-color wp-elements-b08310b9f63cc633068d783c5ad1ff07\"><strong>Tenez vous \u00e0 jour en consultant nos articles<\/strong><\/p>\n\n\n<ul class=\"wp-block-latest-posts__list wp-block-latest-posts\"><li><a class=\"wp-block-latest-posts__post-title\" href=\"https:\/\/www.asfalt102.fr\/index.php\/2026\/03\/18\/amiante-hap-les-evacuer-combien-ca-coute\/\">Amiante \/ HAP, les \u00e9vacuer combien \u00e7a coute?<\/a><\/li>\n<li><a class=\"wp-block-latest-posts__post-title\" href=\"https:\/\/www.asfalt102.fr\/index.php\/2026\/02\/18\/le-bitume-kezako-pourquoi-recherche-t-on-des-hap-dans-le-bitume\/\">le bitume, kezako? pourquoi recherche-t-on des \u00ab\u00a0HAP\u00a0\u00bb dans les enrob\u00e9s?<\/a><\/li>\n<li><a class=\"wp-block-latest-posts__post-title\" href=\"https:\/\/www.asfalt102.fr\/index.php\/2026\/02\/17\/savez-vous-vraiment-ce-quil-y-a-dans-nos-routes-featuring-monsieur-bidouille\/\">Savez vous vraiment ce qu&rsquo;il y a dans nos routes? (featuring Monsieur BIDOUILLE)<\/a><\/li>\n<li><a class=\"wp-block-latest-posts__post-title\" href=\"https:\/\/www.asfalt102.fr\/index.php\/2026\/02\/17\/les-formations-infra-selon-larret-du-4-juin-2024-demarre-on-monte-en-competences\/\">les formations \u00ab\u00a0infra\u00a0\u00bb selon l&rsquo;arr\u00eat\u00e9 du 4 juin 2024 d\u00e9marre&#8230; on monte en comp\u00e9tences?<\/a><\/li>\n<li><a class=\"wp-block-latest-posts__post-title\" href=\"https:\/\/www.asfalt102.fr\/index.php\/2026\/01\/08\/comment-se-former-en-respect-de-larrete-du-4-juin-2024\/\">Comment se former en respect de l&rsquo;arr\u00eat\u00e9 du 4 juin 2024?<\/a><\/li>\n<li><a class=\"wp-block-latest-posts__post-title\" href=\"https:\/\/www.asfalt102.fr\/index.php\/2025\/11\/18\/carottage-vs-tms-dangerereux-ou-pas\/\">Carottage vs TMS &#8211; dangerereux oui mais&#8230;?<\/a><\/li>\n<li><a class=\"wp-block-latest-posts__post-title\" href=\"https:\/\/www.asfalt102.fr\/index.php\/2025\/07\/09\/les-analyses-lactualisation-de-larrete-du-1er-octobre-2019\/\">les analyses&#8230; l&rsquo;actualisation de l&rsquo;arr\u00eat\u00e9 du 1er octobre 2019<\/a><\/li>\n<li><a class=\"wp-block-latest-posts__post-title\" href=\"https:\/\/www.asfalt102.fr\/index.php\/2025\/04\/23\/formation-amiante-du-chef-dentreprise-et-le-cse\/\">Formation amiante du chef d&rsquo;entreprise? et le CSE?&#8230;<\/a><\/li>\n<li><a class=\"wp-block-latest-posts__post-title\" href=\"https:\/\/www.asfalt102.fr\/index.php\/2025\/04\/21\/carotter-a-leau-ou-pas\/\">Carotter \u00e0 l&rsquo;eau ou pas?<\/a><\/li>\n<li><a class=\"wp-block-latest-posts__post-title\" href=\"https:\/\/www.asfalt102.fr\/index.php\/2025\/04\/21\/vitesse-de-carottage-dans-lenrobe\/\">Vitesse de carottage dans l&rsquo;enrob\u00e9?<\/a><\/li>\n<li><a class=\"wp-block-latest-posts__post-title\" href=\"https:\/\/www.asfalt102.fr\/index.php\/2025\/04\/21\/choisir-une-carotteuse-quels-risques\/\">Choisir une Carotteuse? quels risques? TMS&#8230;<\/a><\/li>\n<li><a class=\"wp-block-latest-posts__post-title\" href=\"https:\/\/www.asfalt102.fr\/index.php\/2025\/04\/01\/raat-deja-obligatoire-ou-pas\/\">\u00ab\u00a0RAAT\u00a0\u00bb d\u00e9j\u00e0 obligatoire ou pas&#8230;??<\/a><\/li>\n<li><a class=\"wp-block-latest-posts__post-title\" href=\"https:\/\/www.asfalt102.fr\/index.php\/2025\/03\/15\/espaces-confines-catec-vs-raat-quels-epi\/\">Espaces confin\u00e9s \/ CATEC VS RAAT &#8211; quels EPI?<\/a><\/li>\n<li><a class=\"wp-block-latest-posts__post-title\" href=\"https:\/\/www.asfalt102.fr\/index.php\/2025\/03\/14\/les-hap-hct-kesako\/\">les HAP \/ HCT, k\u00e9sako?<\/a><\/li>\n<li><a class=\"wp-block-latest-posts__post-title\" href=\"https:\/\/www.asfalt102.fr\/index.php\/2025\/03\/14\/diagnostiqueur-quels-epi-sont-obligatoires-dans-le-secteur-des-tp-en-complement-de-la-reglementation-ss4\/\">Diagnostiqueur, quels EPI \/EPC sont recommand\u00e9s pour intervenir dans le secteur des TP ?(en compl\u00e9ment de la r\u00e9glementation SS4)<\/a><\/li>\n<li><a class=\"wp-block-latest-posts__post-title\" href=\"https:\/\/www.asfalt102.fr\/index.php\/2025\/03\/14\/carto-silice-campagne-2025\/\">Carto Silice &#8211; campagne 2025<\/a><\/li>\n<li><a class=\"wp-block-latest-posts__post-title\" href=\"https:\/\/www.asfalt102.fr\/index.php\/2025\/03\/13\/enrobes-vs-fragments-de-clivages-kesako\/\">enrob\u00e9s VS fragments de clivages. K\u00e9sako?<\/a><\/li>\n<li><a class=\"wp-block-latest-posts__post-title\" href=\"https:\/\/www.asfalt102.fr\/index.php\/2025\/03\/13\/analyse-amiante-selon-la-portee-3-kesako\/\">analyse amiante selon la port\u00e9e 3? K\u00e9sako<\/a><\/li>\n<li><a class=\"wp-block-latest-posts__post-title\" href=\"https:\/\/www.asfalt102.fr\/index.php\/2025\/03\/13\/raat-dans-les-vrd-quels-reseaux-sont-concernes\/\">RAAT dans les VRD. quels r\u00e9seaux sont concern\u00e9s?<\/a><\/li>\n<li><a class=\"wp-block-latest-posts__post-title\" href=\"https:\/\/www.asfalt102.fr\/index.php\/2025\/03\/12\/amiante-et-raat-recommandations-pour-determiner-et-verifier-le-respect-de-la-vlep\/\">Amiante et RAAT. recommandations pour (d\u00e9terminer) et v\u00e9rifier le respect de la VLEP<\/a><\/li>\n<\/ul>\n\n\n<p class=\"has-luminous-vivid-amber-color has-foreground-background-color has-text-color has-background has-link-color wp-elements-80f2ac24e12cbd957102e7b67c1ab86b\"><strong>Nos actualit\u00e9s<\/strong><\/p>\n\n\n\n<p><strong>Stay tuned<\/strong>, livraison d&rsquo;un<strong> nouvelle remorque Asfalt102 \/ \u00ab\u00a0La Dix-7\u00a0\u00bb<\/strong> chez un de nos clients programm\u00e9e le 14\/02\/2025&#8230;<\/p>\n\n\n\n<figure class=\"wp-block-gallery has-nested-images columns-default is-cropped wp-block-gallery-1 is-layout-flex wp-block-gallery-is-layout-flex\">\n<figure class=\"wp-block-image size-full\"><img loading=\"lazy\" decoding=\"async\" width=\"584\" height=\"554\" data-id=\"13\" src=\"https:\/\/www.asfalt102.fr\/wp-content\/uploads\/2025\/02\/logo-asfalt102-la17.png\" alt=\"\" class=\"wp-image-13\" srcset=\"https:\/\/www.asfalt102.fr\/wp-content\/uploads\/2025\/02\/logo-asfalt102-la17.png 584w, https:\/\/www.asfalt102.fr\/wp-content\/uploads\/2025\/02\/logo-asfalt102-la17-300x285.png 300w\" sizes=\"auto, (max-width: 584px) 100vw, 584px\" \/><\/figure>\n\n\n\n<figure class=\"wp-block-image size-large\"><img loading=\"lazy\" decoding=\"async\" width=\"771\" height=\"1024\" data-id=\"164\" src=\"https:\/\/www.asfalt102.fr\/wp-content\/uploads\/2025\/02\/PXL_20250207_170316074.MP_-771x1024.jpg\" alt=\"\" class=\"wp-image-164\" srcset=\"https:\/\/www.asfalt102.fr\/wp-content\/uploads\/2025\/02\/PXL_20250207_170316074.MP_-771x1024.jpg 771w, https:\/\/www.asfalt102.fr\/wp-content\/uploads\/2025\/02\/PXL_20250207_170316074.MP_-226x300.jpg 226w, https:\/\/www.asfalt102.fr\/wp-content\/uploads\/2025\/02\/PXL_20250207_170316074.MP_-768x1020.jpg 768w, https:\/\/www.asfalt102.fr\/wp-content\/uploads\/2025\/02\/PXL_20250207_170316074.MP_-1157x1536.jpg 1157w, https:\/\/www.asfalt102.fr\/wp-content\/uploads\/2025\/02\/PXL_20250207_170316074.MP_-1542x2048.jpg 1542w, https:\/\/www.asfalt102.fr\/wp-content\/uploads\/2025\/02\/PXL_20250207_170316074.MP_-scaled.jpg 1928w\" sizes=\"auto, (max-width: 771px) 100vw, 771px\" \/><\/figure>\n<\/figure>\n\n\n\n<figure class=\"wp-block-image size-large\"><img loading=\"lazy\" decoding=\"async\" width=\"1024\" height=\"771\" src=\"https:\/\/www.asfalt102.fr\/wp-content\/uploads\/2025\/02\/PXL_20250214_132404270.MP_-1024x771.jpg\" alt=\"\" class=\"wp-image-316\" srcset=\"https:\/\/www.asfalt102.fr\/wp-content\/uploads\/2025\/02\/PXL_20250214_132404270.MP_-1024x771.jpg 1024w, https:\/\/www.asfalt102.fr\/wp-content\/uploads\/2025\/02\/PXL_20250214_132404270.MP_-300x226.jpg 300w, https:\/\/www.asfalt102.fr\/wp-content\/uploads\/2025\/02\/PXL_20250214_132404270.MP_-768x578.jpg 768w, https:\/\/www.asfalt102.fr\/wp-content\/uploads\/2025\/02\/PXL_20250214_132404270.MP_-1536x1157.jpg 1536w, https:\/\/www.asfalt102.fr\/wp-content\/uploads\/2025\/02\/PXL_20250214_132404270.MP_-2048x1542.jpg 2048w\" sizes=\"auto, (max-width: 1024px) 100vw, 1024px\" \/><\/figure>\n\n\n\n<p class=\"has-text-align-center\"><strong>Livraison d&rsquo;une  remorque \u00ab\u00a0La Dix-7\u00a0\u00bb chez Domitia Expertises \u00e0 N\u00eemes le 14\/02\/2025.<\/strong><\/p>\n\n\n\n<p class=\"has-luminous-vivid-amber-color has-foreground-background-color has-text-color has-background has-link-color wp-elements-7dd6a42352f927cf42f629e9a99fe715\">RAAT vs RAAD, qui aura le dernier mot?<\/p>\n\n\n\n<figure class=\"wp-block-embed is-type-wp-embed is-provider-r-so-a wp-block-embed-r-so-a\"><div class=\"wp-block-embed__wrapper\">\n<blockquote class=\"wp-embedded-content\" data-secret=\"GUVWPyRw02\"><a href=\"https:\/\/resoaplus.fr\/sparadra01-raat-ou-raad-qui-aura-le-dernier-mot\/\">SPARADRA+01: RAAT OU RAAD, QUI AURA LE DERNIER MOT?<\/a><\/blockquote><iframe loading=\"lazy\" class=\"wp-embedded-content\" sandbox=\"allow-scripts\" security=\"restricted\" style=\"position: absolute; visibility: hidden;\" title=\"\u00ab\u00a0SPARADRA+01: RAAT OU RAAD, QUI AURA LE DERNIER MOT?\u00a0\u00bb &#8212; R\u00e9so A+\" src=\"https:\/\/resoaplus.fr\/sparadra01-raat-ou-raad-qui-aura-le-dernier-mot\/embed\/#?secret=2Ru5JWXYNB#?secret=GUVWPyRw02\" data-secret=\"GUVWPyRw02\" width=\"500\" height=\"282\" frameborder=\"0\" marginwidth=\"0\" marginheight=\"0\" scrolling=\"no\"><\/iframe>\n<\/div><\/figure>\n\n\n\n<p><strong><em>Replay de l\u2019\u00e9mission SPARADRA+ n\u00b0 01 du 27\/02\/2025<\/em><\/strong><\/p>\n\n\n\n<figure class=\"wp-block-embed is-type-video is-provider-youtube wp-block-embed-youtube wp-embed-aspect-16-9 wp-has-aspect-ratio\"><div class=\"wp-block-embed__wrapper\">\n<iframe loading=\"lazy\" title=\"SPARADRA+01\" width=\"500\" height=\"281\" src=\"https:\/\/www.youtube.com\/embed\/91Woz6RwVIQ?feature=oembed\" frameborder=\"0\" allow=\"accelerometer; autoplay; clipboard-write; encrypted-media; gyroscope; picture-in-picture; web-share\" referrerpolicy=\"strict-origin-when-cross-origin\" allowfullscreen><\/iframe>\n<\/div><\/figure>\n\n\n\n<p><em>Avec la participation de:<\/em><\/p>\n\n\n\n<ul class=\"wp-block-list\">\n<li><strong>Thierry ORNAQUE<\/strong>, Directeur Technique de GEOCAPA, Pr\u00e9sident de R\u00e9soA+<\/li>\n\n\n\n<li><strong>Karel VANACKER<\/strong>, G\u00e9rant d\u2019AMIUM CONSEILS, Tr\u00e9sorier de R\u00e9soA+<\/li>\n\n\n\n<li><strong>Bruno LECERF<\/strong>, Orientateur de la SAS BLCF83, Coordonnateur SPS invit\u00e9<\/li>\n<\/ul>\n\n\n\n<p class=\"has-pale-pink-color has-foreground-background-color has-text-color has-background has-link-color wp-elements-4bd0261eb79d009baad4019700f36c36\"><strong>Stay tuned<\/strong>, commande de<strong> la seconde remorque Asfalt102 \/ \u00ab\u00a0La Dix-7\u00a0\u00bb<\/strong>  pour 2025&#8230;<\/p>\n\n\n\n<figure class=\"wp-block-video aligncenter\"><video height=\"1920\" style=\"aspect-ratio: 1080 \/ 1920;\" width=\"1080\" controls src=\"https:\/\/www.asfalt102.fr\/wp-content\/uploads\/2025\/03\/ANNONCE-2E-REMORQUE.mp4\"><\/video><\/figure>\n\n\n\n<figure class=\"wp-block-image size-large\"><img loading=\"lazy\" decoding=\"async\" width=\"771\" height=\"1024\" src=\"https:\/\/www.asfalt102.fr\/wp-content\/uploads\/2025\/04\/PXL_20250420_184721216.MP_-771x1024.jpg\" alt=\"\" class=\"wp-image-730\" srcset=\"https:\/\/www.asfalt102.fr\/wp-content\/uploads\/2025\/04\/PXL_20250420_184721216.MP_-771x1024.jpg 771w, https:\/\/www.asfalt102.fr\/wp-content\/uploads\/2025\/04\/PXL_20250420_184721216.MP_-226x300.jpg 226w, https:\/\/www.asfalt102.fr\/wp-content\/uploads\/2025\/04\/PXL_20250420_184721216.MP_-768x1020.jpg 768w, https:\/\/www.asfalt102.fr\/wp-content\/uploads\/2025\/04\/PXL_20250420_184721216.MP_-1157x1536.jpg 1157w, https:\/\/www.asfalt102.fr\/wp-content\/uploads\/2025\/04\/PXL_20250420_184721216.MP_-1542x2048.jpg 1542w, https:\/\/www.asfalt102.fr\/wp-content\/uploads\/2025\/04\/PXL_20250420_184721216.MP_-scaled.jpg 1928w\" sizes=\"auto, (max-width: 771px) 100vw, 771px\" \/><\/figure>\n\n\n\n<p class=\"has-text-align-center\"><strong>Livraison d&rsquo;une <em>NOUVELLE <\/em>remorque \u00ab\u00a0La Dix-7\u00a0\u00bb en Auvergne Rh\u00f4ne Alpes<\/strong> <strong>le 23\/04\/2025.<\/strong><\/p>\n\n\n\n<p class=\"has-text-align-center has-pale-pink-color has-foreground-background-color has-text-color has-background has-link-color wp-elements-8c8df06e6bf12e075254f2560a31b794\"><strong>Commande et livraison <strong>pour 2025<\/strong><\/strong> <strong>d&rsquo;une troisi\u00e8me remorque \u00ab\u00a0La Dix-7\u00a0\u00bb en r\u00e9gion haute normandie<\/strong><\/p>\n\n\n\n<figure class=\"wp-block-image size-large\"><img loading=\"lazy\" decoding=\"async\" width=\"1024\" height=\"771\" src=\"https:\/\/www.asfalt102.fr\/wp-content\/uploads\/2025\/11\/PXL_20251104_101119133.MP_-1024x771.jpg\" alt=\"\" class=\"wp-image-790\" srcset=\"https:\/\/www.asfalt102.fr\/wp-content\/uploads\/2025\/11\/PXL_20251104_101119133.MP_-1024x771.jpg 1024w, https:\/\/www.asfalt102.fr\/wp-content\/uploads\/2025\/11\/PXL_20251104_101119133.MP_-300x226.jpg 300w, https:\/\/www.asfalt102.fr\/wp-content\/uploads\/2025\/11\/PXL_20251104_101119133.MP_-768x578.jpg 768w, https:\/\/www.asfalt102.fr\/wp-content\/uploads\/2025\/11\/PXL_20251104_101119133.MP_-1536x1157.jpg 1536w, https:\/\/www.asfalt102.fr\/wp-content\/uploads\/2025\/11\/PXL_20251104_101119133.MP_-2048x1542.jpg 2048w\" sizes=\"auto, (max-width: 1024px) 100vw, 1024px\" \/><\/figure>\n\n\n\n<figure class=\"wp-block-image size-large\"><img loading=\"lazy\" decoding=\"async\" width=\"771\" height=\"1024\" src=\"https:\/\/www.asfalt102.fr\/wp-content\/uploads\/2025\/11\/PXL_20251105_101210202.MP_-771x1024.jpg\" alt=\"\" class=\"wp-image-791\" srcset=\"https:\/\/www.asfalt102.fr\/wp-content\/uploads\/2025\/11\/PXL_20251105_101210202.MP_-771x1024.jpg 771w, https:\/\/www.asfalt102.fr\/wp-content\/uploads\/2025\/11\/PXL_20251105_101210202.MP_-226x300.jpg 226w, https:\/\/www.asfalt102.fr\/wp-content\/uploads\/2025\/11\/PXL_20251105_101210202.MP_-768x1020.jpg 768w, https:\/\/www.asfalt102.fr\/wp-content\/uploads\/2025\/11\/PXL_20251105_101210202.MP_-1157x1536.jpg 1157w, https:\/\/www.asfalt102.fr\/wp-content\/uploads\/2025\/11\/PXL_20251105_101210202.MP_-1542x2048.jpg 1542w, https:\/\/www.asfalt102.fr\/wp-content\/uploads\/2025\/11\/PXL_20251105_101210202.MP_-scaled.jpg 1928w\" sizes=\"auto, (max-width: 771px) 100vw, 771px\" \/><\/figure>\n","protected":false},"excerpt":{"rendered":"<p>Tenez vous \u00e0 jour en consultant nos articles Nos actualit\u00e9s Stay tuned, livraison d&rsquo;un nouvelle remorque Asfalt102 \/ \u00ab\u00a0La Dix-7\u00a0\u00bb chez un de nos clients programm\u00e9e le 14\/02\/2025&#8230; Livraison d&rsquo;une remorque \u00ab\u00a0La Dix-7\u00a0\u00bb chez Domitia Expertises \u00e0 N\u00eemes le 14\/02\/2025. RAAT vs RAAD, qui aura le dernier mot? Replay de l\u2019\u00e9mission SPARADRA+ n\u00b0 01 du [&hellip;]<\/p>\n","protected":false},"author":1,"featured_media":0,"parent":0,"menu_order":0,"comment_status":"closed","ping_status":"closed","template":"","meta":{"om_disable_all_campaigns":false,"_monsterinsights_skip_tracking":false,"_monsterinsights_sitenote_active":false,"_monsterinsights_sitenote_note":"","_monsterinsights_sitenote_category":0,"_uf_show_specific_survey":0,"_uf_disable_surveys":false,"footnotes":""},"class_list":["post-106","page","type-page","status-publish","hentry"],"aioseo_notices":[],"_links":{"self":[{"href":"https:\/\/www.asfalt102.fr\/index.php\/wp-json\/wp\/v2\/pages\/106","targetHints":{"allow":["GET"]}}],"collection":[{"href":"https:\/\/www.asfalt102.fr\/index.php\/wp-json\/wp\/v2\/pages"}],"about":[{"href":"https:\/\/www.asfalt102.fr\/index.php\/wp-json\/wp\/v2\/types\/page"}],"author":[{"embeddable":true,"href":"https:\/\/www.asfalt102.fr\/index.php\/wp-json\/wp\/v2\/users\/1"}],"replies":[{"embeddable":true,"href":"https:\/\/www.asfalt102.fr\/index.php\/wp-json\/wp\/v2\/comments?post=106"}],"version-history":[{"count":24,"href":"https:\/\/www.asfalt102.fr\/index.php\/wp-json\/wp\/v2\/pages\/106\/revisions"}],"predecessor-version":[{"id":792,"href":"https:\/\/www.asfalt102.fr\/index.php\/wp-json\/wp\/v2\/pages\/106\/revisions\/792"}],"wp:attachment":[{"href":"https:\/\/www.asfalt102.fr\/index.php\/wp-json\/wp\/v2\/media?parent=106"}],"curies":[{"name":"wp","href":"https:\/\/api.w.org\/{rel}","templated":true}]}}